{"id":14,"date":"2024-10-03T15:21:12","date_gmt":"2024-10-03T13:21:12","guid":{"rendered":"https:\/\/labo.agencenemo.fr\/OSE\/?page_id=14"},"modified":"2026-03-09T09:13:14","modified_gmt":"2026-03-09T08:13:14","slug":"ose-evenement","status":"publish","type":"page","link":"https:\/\/labo.agencenemo.fr\/OSE\/","title":{"rendered":"OSE \u00c9v\u00e9nement"},"content":{"rendered":"<section class=\"l-section wpb_row us_custom_52d085a2 height_auto with_video\"><div id=\"us_bg_video_w06f\" class=\"l-section-video\"><script id=\"us_bg_video_w06f-script\">!function(w){var node = document.getElementById( 'us_bg_video_w06f' );if ( w.innerWidth <= 600 ) { node.remove() }}(window);<\/script><style>@media(max-width:600px){#us_bg_video_w06f{display:none!important}}<\/style><video  autoplay loop muted playsinline preload=\"auto\" tabindex=\"-1\"><source type=\"video\/mp4\" src=\"https:\/\/labo.agencenemo.fr\/OSE\/wp-content\/uploads\/2024\/10\/Video-site-internet-.mp4\" \/><\/video><\/div><div class=\"l-section-h i-cf\"><div class=\"g-cols vc_row via_grid cols_1 laptops-cols_inherit tablets-cols_inherit mobiles-cols_1 valign_bottom type_default stacking_default\"><div class=\"wpb_column vc_column_container\"><div class=\"vc_column-inner\">[vc_custom_heading text=\u00a0\u00bbAu c\u0153ur de l&rsquo;innovation<br \/>\navec une \u00e9quipe de passionn\u00e9s \u00e0 votre service\u00a0\u00bb font_container=\u00a0\u00bbtag:h1|text_align:left\u00a0\u00bb use_theme_fonts=\u00a0\u00bbyes\u00a0\u00bb css=\u00a0\u00bb%7B%22default%22%3A%7B%22color%22%3A%22_header_middle_bg%22%2C%22font-size%22%3A%222.2rem%22%2C%22line-height%22%3A%221%22%2C%22font-family%22%3A%22h1%22%2C%22text-transform%22%3A%22uppercase%22%2C%22margin-bottom%22%3A%220px%22%2C%22padding-left%22%3A%2260px%22%2C%22padding-top%22%3A%22350px%22%2C%22padding-bottom%22%3A%220px%22%2C%22text-shadow-h-offset%22%3A%223px%22%2C%22text-shadow-v-offset%22%3A%223px%22%2C%22text-shadow-blur%22%3A%223px%22%2C%22text-shadow-color%22%3A%22%232b2b2b%22%7D%7D\u00a0\u00bb]<div class=\"w-btn-wrapper align_left\"><a class=\"w-btn us-btn-style_7 us_custom_c21edbf5\" href=\"#\"><span class=\"w-btn-label\">En savoir plus<\/span><\/a><\/div><\/div><\/div><\/div><\/div><\/section><section class=\"l-section wpb_row us_custom_a2587f7c height_auto\"><div class=\"l-section-h i-cf\"><div class=\"g-cols vc_row via_grid cols_1 laptops-cols_inherit tablets-cols_inherit mobiles-cols_1 valign_top type_default stacking_default\"><div class=\"wpb_column vc_column_container us_custom_576cf9b4\"><div class=\"vc_column-overlay\" style=\"background:var(--color-header-middle-bg)\"><\/div><div class=\"vc_column-inner\">[vc_custom_heading text=\u00a0\u00bbEn un clic\u00a0\u00bb use_theme_fonts=\u00a0\u00bbyes\u00a0\u00bb css=\u00a0\u00bb%7B%22default%22%3A%7B%22line-height%22%3A%221%22%2C%22font-weight%22%3A%22600%22%2C%22text-transform%22%3A%22uppercase%22%2C%22margin-bottom%22%3A%220px%22%2C%22padding-bottom%22%3A%2210px%22%7D%7D\u00a0\u00bb]<div class=\"w-hwrapper us_custom_2ae65f69 valign_top align_left\" style=\"--hwrapper-gap:0rem\"><div class=\"w-vwrapper us_custom_8bb23be3 align_center valign_middle\" style=\"--vwrapper-gap:0rem\"><div class=\"w-image us_custom_93eccfb2 align_center\"><div class=\"w-image-h\"><img decoding=\"async\" width=\"151\" height=\"151\" src=\"https:\/\/labo.agencenemo.fr\/OSE\/wp-content\/uploads\/2026\/01\/Fichier-1.png\" class=\"attachment-large size-large\" alt=\"\" loading=\"lazy\" \/><\/div><\/div>[vc_custom_heading text=\u00a0\u00bbL&rsquo;expertise<br \/>\nterrain\u00a0\u00bb font_container=\u00a0\u00bbtag:h3|text_align:center\u00a0\u00bb use_theme_fonts=\u00a0\u00bbyes\u00a0\u00bb css=\u00a0\u00bb%7B%22default%22%3A%7B%22color%22%3A%22_header_middle_text%22%2C%22font-size%22%3A%221.9rem%22%2C%22line-height%22%3A%221%22%2C%22margin-top%22%3A%22-10px%22%7D%7D\u00a0\u00bb]<\/div><div class=\"w-vwrapper us_custom_8bb23be3 align_center valign_middle\" style=\"--vwrapper-gap:0rem\"><div class=\"w-image us_custom_93eccfb2 align_center\"><div class=\"w-image-h\"><img decoding=\"async\" width=\"150\" height=\"151\" src=\"https:\/\/labo.agencenemo.fr\/OSE\/wp-content\/uploads\/2026\/01\/Fichier-4.png\" class=\"attachment-large size-large\" alt=\"\" loading=\"lazy\" \/><\/div><\/div>[vc_custom_heading text=\u00a0\u00bbGestion de la visibilit\u00e9 partenaire\u00a0\u00bb font_container=\u00a0\u00bbtag:h3|text_align:center\u00a0\u00bb use_theme_fonts=\u00a0\u00bbyes\u00a0\u00bb css=\u00a0\u00bb%7B%22default%22%3A%7B%22color%22%3A%22_header_middle_text%22%2C%22font-size%22%3A%221.9rem%22%2C%22line-height%22%3A%221%22%2C%22margin-top%22%3A%22-10px%22%7D%7D\u00a0\u00bb]<\/div><div class=\"w-vwrapper us_custom_8bb23be3 align_center valign_middle\" style=\"--vwrapper-gap:0rem\"><div class=\"w-image us_custom_93eccfb2 align_center\"><div class=\"w-image-h\"><img decoding=\"async\" width=\"151\" height=\"151\" src=\"https:\/\/labo.agencenemo.fr\/OSE\/wp-content\/uploads\/2026\/01\/Fichier-3.png\" class=\"attachment-large size-large\" alt=\"\" loading=\"lazy\" \/><\/div><\/div>[vc_custom_heading text=\u00a0\u00bbLe Challenge des aventuriers\u00a0\u00bb font_container=\u00a0\u00bbtag:h3|text_align:center\u00a0\u00bb use_theme_fonts=\u00a0\u00bbyes\u00a0\u00bb css=\u00a0\u00bb%7B%22default%22%3A%7B%22color%22%3A%22_header_middle_text%22%2C%22font-size%22%3A%221.9rem%22%2C%22line-height%22%3A%221%22%2C%22margin-top%22%3A%22-10px%22%7D%7D\u00a0\u00bb]<\/div><div class=\"w-vwrapper us_custom_d7e7b29e align_center valign_middle\" style=\"--vwrapper-gap:0rem\"><div class=\"w-image us_custom_93eccfb2 align_center\"><div class=\"w-image-h\"><img decoding=\"async\" width=\"151\" height=\"151\" src=\"https:\/\/labo.agencenemo.fr\/OSE\/wp-content\/uploads\/2026\/01\/Fichier-2.png\" class=\"attachment-large size-large\" alt=\"\" loading=\"lazy\" \/><\/div><\/div>[vc_custom_heading text=\u00a0\u00bbLa Construction formule 1 carton\u00a0\u00bb font_container=\u00a0\u00bbtag:h3|text_align:center\u00a0\u00bb use_theme_fonts=\u00a0\u00bbyes\u00a0\u00bb css=\u00a0\u00bb%7B%22default%22%3A%7B%22color%22%3A%22_header_middle_text%22%2C%22font-size%22%3A%221.9rem%22%2C%22line-height%22%3A%221%22%2C%22margin-top%22%3A%22-10px%22%7D%7D\u00a0\u00bb]<\/div><\/div><div class=\"w-separator size_small\"><\/div><\/div><\/div><\/div><\/div><\/section><section class=\"l-section wpb_row us_custom_bf81054c height_small\"><div class=\"l-section-overlay\" style=\"background:var(--color-header-middle-text-hover)\"><\/div><div class=\"l-section-h i-cf\"><div class=\"g-cols vc_row via_grid cols_1 laptops-cols_inherit tablets-cols_inherit mobiles-cols_1 valign_top type_default stacking_default\"><div class=\"wpb_column vc_column_container\"><div class=\"vc_column-inner\"><div class=\"w-separator size_large\"><\/div><div class=\"w-hwrapper valign_middle align_center\" style=\"--hwrapper-gap:2rem\"><div class=\"w-vwrapper align_left valign_top\" style=\"--vwrapper-gap:0rem\"><div class=\"wpb_text_column us_custom_73b869ea has_text_color\"><div class=\"wpb_wrapper\"><p>Faites-nous part de vos projets<\/p>\n<\/div><\/div><div class=\"wpb_text_column us_custom_1d172727 has_text_color\"><div class=\"wpb_wrapper\"><p>N&rsquo;h\u00e9sitez pas \u00e0 nous contacter pour toute demande d&rsquo;informations<\/p>\n<\/div><\/div><\/div><div class=\"w-btn-wrapper align_none\"><a class=\"w-btn us-btn-style_6\" href=\"https:\/\/labo.agencenemo.fr\/OSE\/nous-contacter\/\"><span class=\"w-btn-label\">Nous contacter<\/span><\/a><\/div><\/div><\/div><\/div><\/div><\/div><\/section><section class=\"l-section wpb_row height_medium\"><div class=\"l-section-h i-cf\"><div class=\"g-cols vc_row via_grid cols_1 laptops-cols_inherit tablets-cols_inherit mobiles-cols_1 valign_top type_default stacking_default\"><div class=\"wpb_column vc_column_container\"><div class=\"vc_column-inner\">[vc_custom_heading text=\u00a0\u00bbNos actualit\u00e9s\u00a0\u00bb font_container=\u00a0\u00bbtag:h2|text_align:center\u00a0\u00bb use_theme_fonts=\u00a0\u00bbyes\u00a0\u00bb css=\u00a0\u00bb%7B%22default%22%3A%7B%22line-height%22%3A%221%22%2C%22font-weight%22%3A%22600%22%2C%22text-transform%22%3A%22uppercase%22%2C%22margin-bottom%22%3A%220px%22%2C%22padding-bottom%22%3A%2210px%22%7D%7D\u00a0\u00bb]<div class=\"w-hwrapper valign_top align_center\" style=\"--hwrapper-gap:0rem\"><div class=\"w-separator us_custom_12711e67 size_custom with_line width_default thick_2 style_solid color_primary align_center\" style=\"height:5px\"><div class=\"w-separator-h\"><\/div><\/div><\/div><div class=\"w-separator size_small\"><\/div><div class=\"w-grid us_carousel type_carousel layout_71 overflow_hidden preload_style_spinner items_3\" id=\"us_grid_1\" style=\"--items:3;--gap:0.8rem;\"><style>.layout_71 .w-grid-item-h{background:var(--color-content-bg);color:var(--color-content-text);border-radius:0.3rem;box-shadow:0 0.03rem 0.06rem rgba(0,0,0,0.1),0 0.1rem 0.3rem rgba(0,0,0,0.1);transition-duration:0.3s}.no-touch .layout_71 .w-grid-item-h:hover{box-shadow:0 0.1rem 0.2rem rgba(0,0,0,0.1),0 0.33rem 1rem rgba(0,0,0,0.15);z-index:4}.layout_71 .usg_post_image_1{margin-bottom:-2rem!important}.layout_71 .usg_post_title_1{font-size:1.3rem!important;line-height:1!important;font-family:var(--h1-font-family)!important;font-weight:500!important}.layout_71 .usg_vwrapper_1{margin-top:2rem!important;padding:6%!important}.layout_71 .usg_post_date_1{text-align:center!important;font-size:0.8rem!important;font-family:var(--h1-font-family)!important;margin-bottom:0px!important;padding-bottom:0px!important}.layout_71 .usg_post_date_2{text-align:center!important;font-size:0.8rem!important;font-family:var(--h1-font-family)!important;margin-top:-8px!important;padding-top:0px!important}.layout_71 .usg_vwrapper_2{color:var(--color-header-middle-bg)!important;width:40px!important;height:40px!important;max-width:40px!important;max-height:40px!important;min-width:40px!important;min-height:40px!important;position:absolute!important;left:0px!important;top:0px!important;z-index:20!important;padding:7px!important;background:var(--color-header-middle-text)!important}@media (max-width:600px){.layout_71 .usg_post_title_1{font-size:1.2rem!important}}<\/style><div class=\"w-grid-list owl-carousel valign_stretch dotstyle_circle navstyle_circle arrows-ver-pos_middle arrows-hor-pos_on_sides_outside arrows-disabled_hide owl-responsive-2000\" style=\"--transition-duration:350ms;\">\t<article class=\"w-grid-item post-53 post type-post status-publish format-standard has-post-thumbnail hentry category-non-classe\" data-id=\"53\">\r\n\t\t<div class=\"w-grid-item-h\">\r\n\t\t\t\t\t\t<div class=\"w-post-elm post_image usg_post_image_1 has_ratio\"><a href=\"https:\/\/labo.agencenemo.fr\/OSE\/lorem-ipsum-dolor-sit-amet-consectetur-adipiscing-elit-donec-tristique-lectus-2\/\" aria-label=\"Lorem ipsum dolor sit amet, consectetur adipiscing elit. Donec tristique lectus\"><img loading=\"lazy\" decoding=\"async\" width=\"371\" height=\"275\" src=\"https:\/\/labo.agencenemo.fr\/OSE\/wp-content\/uploads\/2024\/10\/visuel-3.jpg\" class=\"attachment-large size-large wp-post-image\" alt=\"\" \/><\/a><div style=\"padding-bottom:56.25%\"><\/div><\/div><div class=\"w-vwrapper usg_vwrapper_2 has_text_color align_center valign_middle\" style=\"--vwrapper-gap:0rem\"><time class=\"w-post-elm post_date usg_post_date_1 entry-date published\" datetime=\"2024-10-04T15:34:45+02:00\">Oct<\/time><time class=\"w-post-elm post_date usg_post_date_2 entry-date published\" datetime=\"2024-10-04T15:34:45+02:00\"> 4<\/time><\/div><div class=\"w-vwrapper usg_vwrapper_1 align_none valign_top\"><h3 class=\"w-post-elm post_title usg_post_title_1 entry-title color_link_inherit\"><a href=\"https:\/\/labo.agencenemo.fr\/OSE\/lorem-ipsum-dolor-sit-amet-consectetur-adipiscing-elit-donec-tristique-lectus-2\/\">Lorem ipsum dolor sit amet, consectetur adipiscing elit. Donec tristique lectus<\/a><\/h3><div class=\"w-post-elm post_content usg_post_content_1\">Lorem ipsum dolor sit amet, consectetur adipiscing elit. Donec tristique lectus sed felis imperdiet, ut viverra massa ultrices..<\/div><div class=\"w-text usg_text_1\"><a href=\"https:\/\/labo.agencenemo.fr\/OSE\/lorem-ipsum-dolor-sit-amet-consectetur-adipiscing-elit-donec-tristique-lectus-2\/\" class=\"w-text-h\"><span class=\"w-text-value\">Lire la suite<\/span><\/a><\/div><\/div>\t\t<\/div>\r\n\t\t\t<\/article>\r\n\t<article class=\"w-grid-item post-47 post type-post status-publish format-standard has-post-thumbnail hentry category-non-classe\" data-id=\"47\">\r\n\t\t<div class=\"w-grid-item-h\">\r\n\t\t\t\t\t\t<div class=\"w-post-elm post_image usg_post_image_1 has_ratio\"><a href=\"https:\/\/labo.agencenemo.fr\/OSE\/lorem-ipsum-dolor-sit-amet-consectetur-adipiscing-elit-donec-tristique-lectus\/\" aria-label=\"Lorem ipsum dolor sit amet, consectetur adipiscing elit. Donec tristique lectus\"><img loading=\"lazy\" decoding=\"async\" width=\"360\" height=\"267\" src=\"https:\/\/labo.agencenemo.fr\/OSE\/wp-content\/uploads\/2024\/10\/visuel-1.jpg\" class=\"attachment-large size-large wp-post-image\" alt=\"\" \/><\/a><div style=\"padding-bottom:56.25%\"><\/div><\/div><div class=\"w-vwrapper usg_vwrapper_2 has_text_color align_center valign_middle\" style=\"--vwrapper-gap:0rem\"><time class=\"w-post-elm post_date usg_post_date_1 entry-date published\" datetime=\"2024-10-04T15:33:57+02:00\">Oct<\/time><time class=\"w-post-elm post_date usg_post_date_2 entry-date published\" datetime=\"2024-10-04T15:33:57+02:00\"> 4<\/time><\/div><div class=\"w-vwrapper usg_vwrapper_1 align_none valign_top\"><h3 class=\"w-post-elm post_title usg_post_title_1 entry-title color_link_inherit\"><a href=\"https:\/\/labo.agencenemo.fr\/OSE\/lorem-ipsum-dolor-sit-amet-consectetur-adipiscing-elit-donec-tristique-lectus\/\">Lorem ipsum dolor sit amet, consectetur adipiscing elit. Donec tristique lectus<\/a><\/h3><div class=\"w-post-elm post_content usg_post_content_1\">Lorem ipsum dolor sit amet, consectetur adipiscing elit. Donec tristique lectus sed felis imperdiet, ut viverra massa ultrices..<\/div><div class=\"w-text usg_text_1\"><a href=\"https:\/\/labo.agencenemo.fr\/OSE\/lorem-ipsum-dolor-sit-amet-consectetur-adipiscing-elit-donec-tristique-lectus\/\" class=\"w-text-h\"><span class=\"w-text-value\">Lire la suite<\/span><\/a><\/div><\/div>\t\t<\/div>\r\n\t\t\t<\/article>\r\n\t<article class=\"w-grid-item post-1 post type-post status-publish format-standard has-post-thumbnail hentry category-non-classe\" data-id=\"1\">\r\n\t\t<div class=\"w-grid-item-h\">\r\n\t\t\t\t\t\t<div class=\"w-post-elm post_image usg_post_image_1 has_ratio\"><a href=\"https:\/\/labo.agencenemo.fr\/OSE\/bonjour-tout-le-monde\/\" aria-label=\"Lorem ipsum dolor sit amet, consectetur adipiscing elit. Donec tristique lectus\"><img loading=\"lazy\" decoding=\"async\" width=\"396\" height=\"297\" src=\"https:\/\/labo.agencenemo.fr\/OSE\/wp-content\/uploads\/2024\/10\/visuel-2.jpg\" class=\"attachment-large size-large wp-post-image\" alt=\"\" \/><\/a><div style=\"padding-bottom:56.25%\"><\/div><\/div><div class=\"w-vwrapper usg_vwrapper_2 has_text_color align_center valign_middle\" style=\"--vwrapper-gap:0rem\"><time class=\"w-post-elm post_date usg_post_date_1 entry-date published\" datetime=\"2024-07-01T16:29:55+02:00\">Juil<\/time><time class=\"w-post-elm post_date usg_post_date_2 entry-date published\" datetime=\"2024-07-01T16:29:55+02:00\"> 1<\/time><\/div><div class=\"w-vwrapper usg_vwrapper_1 align_none valign_top\"><h3 class=\"w-post-elm post_title usg_post_title_1 entry-title color_link_inherit\"><a href=\"https:\/\/labo.agencenemo.fr\/OSE\/bonjour-tout-le-monde\/\">Lorem ipsum dolor sit amet, consectetur adipiscing elit. Donec tristique lectus<\/a><\/h3><div class=\"w-post-elm post_content usg_post_content_1\">Lorem ipsum dolor sit amet, consectetur adipiscing elit. Donec tristique lectus sed felis imperdiet, ut viverra massa ultrices..<\/div><div class=\"w-text usg_text_1\"><a href=\"https:\/\/labo.agencenemo.fr\/OSE\/bonjour-tout-le-monde\/\" class=\"w-text-h\"><span class=\"w-text-value\">Lire la suite<\/span><\/a><\/div><\/div>\t\t<\/div>\r\n\t\t\t<\/article>\r\n<\/div><div class=\"w-grid-carousel-json hidden\" onclick='return {&quot;carousel_settings&quot;:{&quot;aria_labels&quot;:{&quot;prev&quot;:&quot;Pr\\u00e9c\\u00e9dent&quot;,&quot;next&quot;:&quot;Suivant&quot;},&quot;autoplayContinual&quot;:false,&quot;autoplayHoverPause&quot;:false,&quot;autoplayTimeout&quot;:3000,&quot;autoWidth&quot;:false,&quot;smartSpeed&quot;:350,&quot;margin&quot;:0,&quot;mouseDrag&quot;:true,&quot;rtl&quot;:false,&quot;slideBy&quot;:&quot;1&quot;,&quot;touchDrag&quot;:true,&quot;slideTransition&quot;:&quot;&quot;,&quot;responsive&quot;:{&quot;0&quot;:{&quot;autoHeight&quot;:false,&quot;autoplay&quot;:true,&quot;autoWidth&quot;:false,&quot;center&quot;:false,&quot;dots&quot;:false,&quot;items&quot;:1,&quot;loop&quot;:true,&quot;nav&quot;:false,&quot;stagePadding&quot;:0,&quot;slideBy&quot;:&quot;1&quot;},&quot;601&quot;:{&quot;autoHeight&quot;:false,&quot;autoplay&quot;:true,&quot;autoWidth&quot;:false,&quot;center&quot;:false,&quot;dots&quot;:false,&quot;items&quot;:2,&quot;loop&quot;:true,&quot;nav&quot;:false,&quot;stagePadding&quot;:0,&quot;slideBy&quot;:&quot;1&quot;},&quot;1025&quot;:{&quot;autoHeight&quot;:false,&quot;autoplay&quot;:true,&quot;autoWidth&quot;:false,&quot;center&quot;:false,&quot;dots&quot;:false,&quot;items&quot;:3,&quot;loop&quot;:false,&quot;nav&quot;:false,&quot;stagePadding&quot;:0,&quot;slideBy&quot;:&quot;1&quot;},&quot;1381&quot;:{&quot;items&quot;:3,&quot;autoplay&quot;:false,&quot;center&quot;:false,&quot;dots&quot;:false,&quot;nav&quot;:false,&quot;autoHeight&quot;:false,&quot;autoWidth&quot;:false,&quot;loop&quot;:false,&quot;stagePadding&quot;:0}}}}'><\/div><\/div><\/div><\/div><\/div><\/div><\/section>\n","protected":false},"excerpt":{"rendered":"Lorem ipsum dolor sit amet, consectetur adipiscing elit. Donec tristique lectus sed felis imperdiet, ut viverra massa ultrices..","protected":false},"author":1,"featured_media":0,"parent":0,"menu_order":0,"comment_status":"closed","ping_status":"closed","template":"","meta":{"footnotes":""},"class_list":["post-14","page","type-page","status-publish","hentry"],"_links":{"self":[{"href":"https:\/\/labo.agencenemo.fr\/OSE\/wp-json\/wp\/v2\/pages\/14","targetHints":{"allow":["GET"]}}],"collection":[{"href":"https:\/\/labo.agencenemo.fr\/OSE\/wp-json\/wp\/v2\/pages"}],"about":[{"href":"https:\/\/labo.agencenemo.fr\/OSE\/wp-json\/wp\/v2\/types\/page"}],"author":[{"embeddable":true,"href":"https:\/\/labo.agencenemo.fr\/OSE\/wp-json\/wp\/v2\/users\/1"}],"replies":[{"embeddable":true,"href":"https:\/\/labo.agencenemo.fr\/OSE\/wp-json\/wp\/v2\/comments?post=14"}],"version-history":[{"count":78,"href":"https:\/\/labo.agencenemo.fr\/OSE\/wp-json\/wp\/v2\/pages\/14\/revisions"}],"predecessor-version":[{"id":372,"href":"https:\/\/labo.agencenemo.fr\/OSE\/wp-json\/wp\/v2\/pages\/14\/revisions\/372"}],"wp:attachment":[{"href":"https:\/\/labo.agencenemo.fr\/OSE\/wp-json\/wp\/v2\/media?parent=14"}],"curies":[{"name":"wp","href":"https:\/\/api.w.org\/{rel}","templated":true}]}}