{"id":129,"date":"2025-02-18T08:43:05","date_gmt":"2025-02-18T07:43:05","guid":{"rendered":"https:\/\/labo.agencenemo.fr\/BDM\/?page_id=129"},"modified":"2025-10-20T18:18:44","modified_gmt":"2025-10-20T16:18:44","slug":"qui-sommes-nous","status":"publish","type":"page","link":"https:\/\/labo.agencenemo.fr\/BDM\/?page_id=129","title":{"rendered":"Qui sommes-nous"},"content":{"rendered":"<section class=\"l-section wpb_row us_custom_8b3d6790 has_text_color height_auto width_custom\" style=\"--site-content-width:900px;\"><div class=\"l-section-overlay\" style=\"background:var(--color-content-primary)\"><\/div><div class=\"l-section-h i-cf\"><div class=\"g-cols vc_row via_grid cols_1 laptops-cols_inherit tablets-cols_inherit mobiles-cols_1 valign_top type_default stacking_default\"><div class=\"wpb_column vc_column_container\"><div class=\"vc_column-inner\"><div class=\"w-separator size_small\"><\/div>[vc_custom_heading text=\u00a0\u00bbQui sommes-nous ?\u00a0\u00bb font_container=\u00a0\u00bbtag:h1|text_align:left\u00a0\u00bb use_theme_fonts=\u00a0\u00bbyes\u00a0\u00bb css=\u00a0\u00bb%7B%22default%22%3A%7B%22margin-bottom%22%3A%220px%22%2C%22padding-bottom%22%3A%220px%22%7D%7D\u00a0\u00bb][vc_custom_heading text=\u00a0\u00bbL\u2019Excellence de l\u2019Impression au Service de Vos Projets\u00a0\u00bb css=\u00a0\u00bb%7B%22default%22%3A%7B%22font-family%22%3A%22Roboto%20Condensed%22%2C%22font-weight%22%3A%22100%22%2C%22margin-top%22%3A%220px%22%2C%22padding-top%22%3A%220px%22%7D%7D\u00a0\u00bb]<\/div><\/div><\/div><\/div><\/section><section class=\"l-section wpb_row us_custom_8b3d6790 has_text_color height_auto width_custom\" style=\"--site-content-width:900px;\"><div class=\"l-section-overlay\" style=\"background:var(--color-content-primary)\"><\/div><div class=\"l-section-h i-cf\"><div class=\"g-cols vc_row via_grid cols_1 laptops-cols_inherit tablets-cols_inherit mobiles-cols_1 valign_top type_default stacking_default\"><div class=\"wpb_column vc_column_container\"><div class=\"vc_column-inner\"><div class=\"w-separator size_small\"><\/div><div class=\"wpb_text_column\"><div class=\"wpb_wrapper\"><p style=\"font-weight: 400;\">Depuis plus de\u00a0<strong>20 ans<\/strong>,\u00a0<strong>BDM Imprimeurs<\/strong>\u00a0accompagne les entreprises, artisans, associations et collectivit\u00e9s dans leurs projets d\u2019impression, en leur proposant des solutions\u00a0<strong>personnalis\u00e9es, innovantes et de haute qualit\u00e9<\/strong>.<\/p>\n<p style=\"font-weight: 400;\">Gr\u00e2ce \u00e0 notre\u00a0<strong>savoir-faire reconnu et notre parc machine performant<\/strong>, nous sommes en mesure de r\u00e9pondre \u00e0 tous types de demandes, qu\u2019il s\u2019agisse d\u2019impressions\u00a0<strong>petites ou grandes s\u00e9ries<\/strong>, en\u00a0<strong>offset ou num\u00e9rique<\/strong>, avec des\u00a0<strong>finitions soign\u00e9es et des d\u00e9lais ma\u00eetris\u00e9s<\/strong>.<\/p>\n<p style=\"font-weight: 400;\">Chaque projet que nous r\u00e9alisons est le fruit d\u2019un\u00a0<strong>travail minutieux<\/strong>, d\u2019une\u00a0<strong>\u00e9coute attentive<\/strong>\u00a0et d\u2019un\u00a0<strong>engagement constant envers la satisfaction de nos clients<\/strong>.<\/p>\n<\/div><\/div><div class=\"w-separator size_medium\"><\/div><\/div><\/div><\/div><\/div><\/section><section class=\"l-section wpb_row height_small\"><div class=\"l-section-overlay\" style=\"background:var(--color-header-middle-text-hover)\"><\/div><div class=\"l-section-h i-cf\"><div class=\"g-cols vc_row via_grid cols_1 laptops-cols_inherit tablets-cols_inherit mobiles-cols_1 valign_top type_default stacking_default\"><div class=\"wpb_column vc_column_container\"><div class=\"vc_column-inner\"><div class=\"w-hwrapper valign_middle align_center\" style=\"--hwrapper-gap:3rem\">[vc_custom_heading text=\u00a0\u00bbUn projet ? Demandez votre devis personnalis\u00e9\u00a0\u00bb font_container=\u00a0\u00bbtag:h2|text_align:center\u00a0\u00bb use_theme_fonts=\u00a0\u00bbyes\u00a0\u00bb css=\u00a0\u00bb%7B%22default%22%3A%7B%22color%22%3A%22_header_middle_bg%22%2C%22text-align%22%3A%22inherit%22%2C%22font-size%22%3A%222.2rem%22%2C%22text-transform%22%3A%22uppercase%22%2C%22margin-top%22%3A%2210px%22%7D%2C%22laptops%22%3A%7B%22color%22%3A%22_header_middle_bg%22%2C%22text-align%22%3A%22inherit%22%2C%22font-size%22%3A%22%22%2C%22text-transform%22%3A%22uppercase%22%7D%2C%22tablets%22%3A%7B%22color%22%3A%22_header_middle_bg%22%2C%22text-align%22%3A%22inherit%22%2C%22font-size%22%3A%22%22%2C%22text-transform%22%3A%22uppercase%22%7D%2C%22mobiles%22%3A%7B%22color%22%3A%22_header_middle_bg%22%2C%22text-align%22%3A%22right%22%2C%22font-size%22%3A%221.2rem%22%2C%22text-transform%22%3A%22uppercase%22%7D%7D\u00a0\u00bb]<div class=\"w-btn-wrapper align_none\"><a class=\"w-btn us-btn-style_1 us_custom_33e62e98\" href=\"#\"><span class=\"w-btn-label\">Demandez un devis<\/span><\/a><\/div><\/div><\/div><\/div><\/div><\/div><\/section><section class=\"l-section wpb_row height_medium\"><div class=\"l-section-h i-cf\"><div class=\"g-cols vc_row via_grid cols_2 laptops-cols_inherit tablets-cols_inherit mobiles-cols_1 valign_middle type_default stacking_default\"><div class=\"wpb_column vc_column_container\"><div class=\"vc_column-inner\">[vc_custom_heading text=\u00a0\u00bbUne Histoire de Passion et d\u2019Expertise\u00a0\u00bb font_container=\u00a0\u00bbtag:h3|text_align:left\u00a0\u00bb use_theme_fonts=\u00a0\u00bbyes\u00a0\u00bb css=\u00a0\u00bb%7B%22default%22%3A%7B%22font-family%22%3A%22h1%22%7D%7D\u00a0\u00bb]<div class=\"wpb_text_column\"><div class=\"wpb_wrapper\"><p style=\"font-weight: 400;\">Implant\u00e9 depuis plus de deux d\u00e9cennies,\u00a0<strong>BDM Imprimeurs<\/strong>\u00a0a su \u00e9voluer avec son temps, en int\u00e9grant les avanc\u00e9es technologiques les plus r\u00e9centes pour offrir \u00e0 ses clients des impressions de\u00a0<strong>qualit\u00e9 optimale<\/strong>.<\/p>\n<\/div><\/div><div class=\"w-hwrapper us_custom_450ae3ea valign_middle align_left\" style=\"--hwrapper-gap:0rem\"><div class=\"wpb_text_column\"><div class=\"wpb_wrapper\"><div>\n<div><b><span>Notre mission ?<\/span><\/b><\/div>\n<div><span>\u00a0Transformer vos id\u00e9es en supports imprim\u00e9s impactants, durables et parfaitement adapt\u00e9s \u00e0 vos besoins.<\/span><\/div>\n<\/div>\n<\/div><\/div><\/div><div class=\"wpb_text_column us_custom_0f8f44b7\"><div class=\"wpb_wrapper\"><p style=\"font-weight: 400;\">Nos \u00e9quipes combinent\u00a0<strong>savoir-faire traditionnel<\/strong>\u00a0et\u00a0<strong>technologies modernes<\/strong>\u00a0pour proposer des solutions qui allient\u00a0<strong>esth\u00e9tisme, pr\u00e9cision et innovation<\/strong>.<\/p>\n<\/div><\/div><\/div><\/div><div class=\"wpb_column vc_column_container\"><div class=\"vc_column-inner\"><div class=\"w-image us_custom_6644a615 align_none\"><div class=\"w-image-h\"><img decoding=\"async\" width=\"1024\" height=\"700\" src=\"https:\/\/labo.agencenemo.fr\/BDM\/wp-content\/uploads\/2025\/10\/Capture-decran-2025-10-20-a-18.17.08-1024x700.png\" class=\"attachment-large size-large\" alt=\"\" loading=\"lazy\" srcset=\"https:\/\/labo.agencenemo.fr\/BDM\/wp-content\/uploads\/2025\/10\/Capture-decran-2025-10-20-a-18.17.08-1024x700.png 1024w, https:\/\/labo.agencenemo.fr\/BDM\/wp-content\/uploads\/2025\/10\/Capture-decran-2025-10-20-a-18.17.08-300x205.png 300w, https:\/\/labo.agencenemo.fr\/BDM\/wp-content\/uploads\/2025\/10\/Capture-decran-2025-10-20-a-18.17.08.png 1148w\" sizes=\"auto, (max-width: 1024px) 100vw, 1024px\" \/><\/div><\/div><\/div><\/div><\/div><\/div><\/section><section class=\"l-section wpb_row height_medium\"><div class=\"l-section-overlay\" style=\"background:var(--color-chrome-toolbar)\"><\/div><div class=\"l-section-h i-cf\"><div class=\"g-cols vc_row via_grid cols_2 laptops-cols_inherit tablets-cols_inherit mobiles-cols_1 valign_middle type_default reversed stacking_default\"><div class=\"wpb_column vc_column_container\"><div class=\"vc_column-inner\"><div class=\"w-image us_custom_6644a615 align_none\"><div class=\"w-image-h\"><img decoding=\"async\" width=\"600\" height=\"907\" src=\"https:\/\/labo.agencenemo.fr\/BDM\/wp-content\/uploads\/2025\/10\/IMG_4850.jpg\" class=\"attachment-large size-large\" alt=\"\" loading=\"lazy\" srcset=\"https:\/\/labo.agencenemo.fr\/BDM\/wp-content\/uploads\/2025\/10\/IMG_4850.jpg 600w, https:\/\/labo.agencenemo.fr\/BDM\/wp-content\/uploads\/2025\/10\/IMG_4850-198x300.jpg 198w\" sizes=\"auto, (max-width: 600px) 100vw, 600px\" \/><\/div><\/div><\/div><\/div><div class=\"wpb_column vc_column_container\"><div class=\"vc_column-inner\">[vc_custom_heading text=\u00a0\u00bbNos Valeurs &amp; Engagements\u00a0\u00bb font_container=\u00a0\u00bbtag:h3|text_align:left\u00a0\u00bb use_theme_fonts=\u00a0\u00bbyes\u00a0\u00bb css=\u00a0\u00bb%7B%22default%22%3A%7B%22font-family%22%3A%22h1%22%7D%7D\u00a0\u00bb]<div class=\"wpb_text_column us_custom_a833bf3c\"><div class=\"wpb_wrapper\"><p style=\"font-weight: 400;\">Chez\u00a0<strong>BDM Imprimeurs<\/strong>, nous pla\u00e7ons nos engagements au c\u0153ur de notre d\u00e9marche.<\/p>\n<p style=\"font-weight: 400;\">\u2714\u00a0<strong>Qualit\u00e9 &amp; Excellence<\/strong><br \/>\nNous veillons \u00e0 ce que chaque impression soit\u00a0<strong>parfaite<\/strong>, avec des couleurs \u00e9clatantes, des finitions soign\u00e9es et un rendu fid\u00e8le \u00e0 vos attentes.<\/p>\n<p style=\"font-weight: 400;\">\u2714\u00a0<strong>Innovation &amp; Performance<\/strong><br \/>\nNous utilisons des\u00a0<strong>\u00e9quipements de pointe<\/strong>\u00a0pour garantir des impressions de haute pr\u00e9cision, tout en explorant sans cesse de nouvelles techniques pour optimiser vos supports.<\/p>\n<p style=\"font-weight: 400;\">\u2714\u00a0<strong>\u00c9co-Responsabilit\u00e9<\/strong><br \/>\nConscients de notre impact sur l\u2019environnement, nous favorisons des solutions\u00a0<strong>\u00e9cologiques et durables<\/strong>\u00a0:<\/p>\n<ul>\n<li style=\"font-weight: 400;\">Utilisation d\u2019encres v\u00e9g\u00e9tales et de papiers certifi\u00e9s FSC ou recycl\u00e9s<\/li>\n<li style=\"font-weight: 400;\">Optimisation des processus pour r\u00e9duire la consommation d\u2019\u00e9nergie<\/li>\n<li style=\"font-weight: 400;\">Recyclage des d\u00e9chets d\u2019impression<\/li>\n<\/ul>\n<p style=\"font-weight: 400;\"><strong>Parce qu\u2019une impression de qualit\u00e9 peut aussi \u00eatre respectueuse de la plan\u00e8te !<\/strong><\/p>\n<\/div><\/div><\/div><\/div><\/div><\/div><\/section><section class=\"l-section wpb_row height_medium\"><div class=\"l-section-h i-cf\"><div class=\"g-cols vc_row via_grid cols_2 laptops-cols_inherit tablets-cols_inherit mobiles-cols_1 valign_middle type_default stacking_default\"><div class=\"wpb_column vc_column_container\"><div class=\"vc_column-inner\">[vc_custom_heading text=\u00a0\u00bbUne \u00c9quipe de Passionn\u00e9s \u00e0 Votre Service\u00a0\u00bb font_container=\u00a0\u00bbtag:h3|text_align:left\u00a0\u00bb use_theme_fonts=\u00a0\u00bbyes\u00a0\u00bb css=\u00a0\u00bb%7B%22default%22%3A%7B%22font-family%22%3A%22h1%22%7D%7D\u00a0\u00bb]<div class=\"wpb_text_column\"><div class=\"wpb_wrapper\"><p style=\"font-weight: 400;\">Notre force r\u00e9side dans notre\u00a0<strong>\u00e9quipe d\u2019experts<\/strong>, compos\u00e9e de professionnels passionn\u00e9s par l\u2019univers de l\u2019impression et du design graphique.<\/p>\n<p style=\"font-weight: 400;\"><strong>Notre savoir-faire<\/strong>\u00a0:<br \/>\n\u2714\u00a0<strong>Un accompagnement personnalis\u00e9<\/strong>\u00a0\u00e0 chaque \u00e9tape de votre projet<br \/>\n\u2714\u00a0<strong>Une expertise technique pointue<\/strong>\u00a0en impression offset et num\u00e9rique<br \/>\n\u2714\u00a0<strong>Un suivi rigoureux<\/strong>\u00a0pour garantir des d\u00e9lais respect\u00e9s et un r\u00e9sultat \u00e0 la hauteur de vos attentes<\/p>\n<p style=\"font-weight: 400;\">Que vous soyez une entreprise, une collectivit\u00e9 ou un entrepreneur, nous sommes\u00a0<strong>\u00e0 votre \u00e9coute<\/strong>\u00a0pour vous conseiller et vous proposer les meilleures solutions d\u2019impression.<\/p>\n<\/div><\/div><\/div><\/div><div class=\"wpb_column vc_column_container\"><div class=\"vc_column-inner\"><div class=\"w-image us_custom_6644a615 align_none\"><div class=\"w-image-h\"><img decoding=\"async\" width=\"600\" height=\"800\" src=\"https:\/\/labo.agencenemo.fr\/BDM\/wp-content\/uploads\/2025\/10\/IMG_4851.jpg\" class=\"attachment-large size-large\" alt=\"\" loading=\"lazy\" srcset=\"https:\/\/labo.agencenemo.fr\/BDM\/wp-content\/uploads\/2025\/10\/IMG_4851.jpg 600w, https:\/\/labo.agencenemo.fr\/BDM\/wp-content\/uploads\/2025\/10\/IMG_4851-225x300.jpg 225w\" sizes=\"auto, (max-width: 600px) 100vw, 600px\" \/><\/div><\/div><div class=\"w-separator size_small\"><\/div><div class=\"w-image us_custom_6644a615 align_none\"><div class=\"w-image-h\"><img decoding=\"async\" width=\"800\" height=\"600\" src=\"https:\/\/labo.agencenemo.fr\/BDM\/wp-content\/uploads\/2025\/10\/IMG_4794.jpg\" class=\"attachment-large size-large\" alt=\"\" loading=\"lazy\" srcset=\"https:\/\/labo.agencenemo.fr\/BDM\/wp-content\/uploads\/2025\/10\/IMG_4794.jpg 800w, https:\/\/labo.agencenemo.fr\/BDM\/wp-content\/uploads\/2025\/10\/IMG_4794-300x225.jpg 300w\" sizes=\"auto, (max-width: 800px) 100vw, 800px\" \/><\/div><\/div><\/div><\/div><\/div><\/div><\/section><section class=\"l-section wpb_row height_medium\"><div class=\"l-section-overlay\" style=\"background:var(--color-content-primary)\"><\/div><div class=\"l-section-h i-cf\"><div class=\"g-cols vc_row via_grid cols_1 laptops-cols_inherit tablets-cols_inherit mobiles-cols_1 valign_top type_default stacking_default\"><div class=\"wpb_column vc_column_container\"><div class=\"vc_column-inner\"><section class=\"l-section wpb_row us_custom_8b3d6790 has_text_color height_auto width_custom\" style=\"--site-content-width:900px;\"><div class=\"l-section-h i-cf\"><div class=\"g-cols vc_row via_grid cols_1 laptops-cols_inherit tablets-cols_inherit mobiles-cols_1 valign_top type_default stacking_default\"><div class=\"wpb_column vc_column_container\"><div class=\"vc_column-inner\">[vc_custom_heading text=\u00a0\u00bbPourquoi choisir BDM Imprimeurs ?\u00a0\u00bb use_theme_fonts=\u00a0\u00bbyes\u00a0\u00bb]<div class=\"wpb_text_column\"><div class=\"wpb_wrapper\"><div>\u2714 <b><span>Des impressions de qualit\u00e9 <\/span><\/b><span>avec des couleurs vives et des d\u00e9tails pr\u00e9cis.<\/span><\/div>\n<div><span>\u2714\u00a0<b>Une personnalisation totale<\/b>\u00a0: formats, finitions, mat\u00e9riaux sur mesure.<br \/>\n<\/span><\/div>\n<div><span>\u2714 <\/span><span><b>Des solutions adapt\u00e9es \u00e0 tous les secteurs<\/b>\u00a0: commerce, industrie, \u00e9v\u00e9nementiel.<br \/>\n<\/span><\/div>\n<div><span>\u2714 <\/span><span><b>Une production rapide et flexible<\/b>\u00a0pour s\u2019adapter \u00e0 vos besoins.<\/span><\/div>\n<div><\/div>\n<\/div><\/div><\/div><\/div><\/div><\/div><\/section>\n<\/div><\/div><\/div><\/div><\/section>\n","protected":false},"excerpt":{"rendered":"[vc_custom_heading text=\"Qui sommes-nous ?\" font_container=\"tag:h1|text_align:left\" use_theme_fonts=\"yes\" css=\"%7B%22default%22%3A%7B%22margin-bottom%22%3A%220px%22%2C%22padding-bottom%22%3A%220px%22%7D%7D\"][vc_custom_heading text=\"L\u2019Excellence de l\u2019Impression au Service de Vos Projets\" css=\"%7B%22default%22%3A%7B%22font-family%22%3A%22Roboto%20Condensed%22%2C%22font-weight%22%3A%22100%22%2C%22margin-top%22%3A%220px%22%2C%22padding-top%22%3A%220px%22%7D%7D\"]Depuis plus de\u00a020 ans,\u00a0BDM Imprimeurs\u00a0accompagne les entreprises, artisans, associations et collectivit\u00e9s dans leurs projets d\u2019impression, en leur proposant des solutions\u00a0personnalis\u00e9es, innovantes et de haute qualit\u00e9. Gr\u00e2ce \u00e0 notre\u00a0savoir-faire reconnu et notre parc machine performant, nous sommes en mesure de r\u00e9pondre...","protected":false},"author":1,"featured_media":0,"parent":0,"menu_order":0,"comment_status":"closed","ping_status":"closed","template":"","meta":{"footnotes":""},"class_list":["post-129","page","type-page","status-publish","hentry"],"_links":{"self":[{"href":"https:\/\/labo.agencenemo.fr\/BDM\/index.php?rest_route=\/wp\/v2\/pages\/129","targetHints":{"allow":["GET"]}}],"collection":[{"href":"https:\/\/labo.agencenemo.fr\/BDM\/index.php?rest_route=\/wp\/v2\/pages"}],"about":[{"href":"https:\/\/labo.agencenemo.fr\/BDM\/index.php?rest_route=\/wp\/v2\/types\/page"}],"author":[{"embeddable":true,"href":"https:\/\/labo.agencenemo.fr\/BDM\/index.php?rest_route=\/wp\/v2\/users\/1"}],"replies":[{"embeddable":true,"href":"https:\/\/labo.agencenemo.fr\/BDM\/index.php?rest_route=%2Fwp%2Fv2%2Fcomments&post=129"}],"version-history":[{"count":8,"href":"https:\/\/labo.agencenemo.fr\/BDM\/index.php?rest_route=\/wp\/v2\/pages\/129\/revisions"}],"predecessor-version":[{"id":596,"href":"https:\/\/labo.agencenemo.fr\/BDM\/index.php?rest_route=\/wp\/v2\/pages\/129\/revisions\/596"}],"wp:attachment":[{"href":"https:\/\/labo.agencenemo.fr\/BDM\/index.php?rest_route=%2Fwp%2Fv2%2Fmedia&parent=129"}],"curies":[{"name":"wp","href":"https:\/\/api.w.org\/{rel}","templated":true}]}}