{"id":121,"date":"2025-02-18T08:42:25","date_gmt":"2025-02-18T07:42:25","guid":{"rendered":"https:\/\/labo.agencenemo.fr\/BDM\/?page_id=121"},"modified":"2025-10-20T18:19:28","modified_gmt":"2025-10-20T16:19:28","slug":"logistique-expedition","status":"publish","type":"page","link":"https:\/\/labo.agencenemo.fr\/BDM\/?page_id=121","title":{"rendered":"Logistique &#038; Exp\u00e9dition"},"content":{"rendered":"<section class=\"l-section wpb_row us_custom_8b3d6790 has_text_color height_auto width_custom\" style=\"--site-content-width:900px;\"><div class=\"l-section-overlay\" style=\"background:var(--color-content-primary)\"><\/div><div class=\"l-section-h i-cf\"><div class=\"g-cols vc_row via_grid cols_1 laptops-cols_inherit tablets-cols_inherit mobiles-cols_1 valign_top type_default stacking_default\"><div class=\"wpb_column vc_column_container\"><div class=\"vc_column-inner\"><div class=\"w-separator size_small\"><\/div>[vc_custom_heading text=\u00a0\u00bbLogistique &amp; Exp\u00e9dition\u00a0\u00bb font_container=\u00a0\u00bbtag:h1|text_align:left\u00a0\u00bb use_theme_fonts=\u00a0\u00bbyes\u00a0\u00bb css=\u00a0\u00bb%7B%22default%22%3A%7B%22margin-bottom%22%3A%220px%22%2C%22padding-bottom%22%3A%220px%22%7D%7D\u00a0\u00bb][vc_custom_heading text=\u00a0\u00bbUne Gestion Compl\u00e8te de Vos Impressions\u00a0\u00bb css=\u00a0\u00bb%7B%22default%22%3A%7B%22font-family%22%3A%22Roboto%20Condensed%22%2C%22font-weight%22%3A%22100%22%2C%22margin-top%22%3A%220px%22%2C%22padding-top%22%3A%220px%22%7D%7D\u00a0\u00bb]<\/div><\/div><\/div><\/div><\/section><section class=\"l-section wpb_row us_custom_8b3d6790 has_text_color height_auto width_custom\" style=\"--site-content-width:900px;\"><div class=\"l-section-overlay\" style=\"background:var(--color-content-primary)\"><\/div><div class=\"l-section-h i-cf\"><div class=\"g-cols vc_row via_grid cols_1 laptops-cols_inherit tablets-cols_inherit mobiles-cols_1 valign_top type_default stacking_default\"><div class=\"wpb_column vc_column_container\"><div class=\"vc_column-inner\"><div class=\"w-separator size_small\"><\/div><div class=\"wpb_text_column\"><div class=\"wpb_wrapper\"><p style=\"font-weight: 400;\">Chez\u00a0<strong>BDM Imprimeurs<\/strong>, notre engagement ne s\u2019arr\u00eate pas \u00e0 l\u2019impression et au fa\u00e7onnage. Nous vous offrons une\u00a0<strong>solution logistique compl\u00e8te<\/strong>\u00a0pour assurer le conditionnement, le stockage et l\u2019exp\u00e9dition de vos supports imprim\u00e9s. Gr\u00e2ce \u00e0 nos services de\u00a0<strong>routage, conditionnement et gestion de stock<\/strong>, vous b\u00e9n\u00e9ficiez d\u2019une prestation cl\u00e9 en main, adapt\u00e9e \u00e0 vos besoins.<\/p>\n<p style=\"font-weight: 400;\"><span style=\"font-weight: 400;\">Que vous ayez besoin d\u2019un\u00a0<strong>envoi en masse de documents, d\u2019une gestion personnalis\u00e9e de vos exp\u00e9ditions ou d\u2019un stockage optimis\u00e9<\/strong>, nous avons la solution qu\u2019il vous faut<\/span><\/p>\n<\/div><\/div><div class=\"w-separator size_medium\"><\/div><\/div><\/div><\/div><\/div><\/section><section class=\"l-section wpb_row height_small\"><div class=\"l-section-overlay\" style=\"background:var(--color-header-middle-text-hover)\"><\/div><div class=\"l-section-h i-cf\"><div class=\"g-cols vc_row via_grid cols_1 laptops-cols_inherit tablets-cols_inherit mobiles-cols_1 valign_top type_default stacking_default\"><div class=\"wpb_column vc_column_container\"><div class=\"vc_column-inner\"><div class=\"w-hwrapper valign_middle align_center\" style=\"--hwrapper-gap:3rem\">[vc_custom_heading text=\u00a0\u00bbUn projet ? Demandez votre devis personnalis\u00e9\u00a0\u00bb font_container=\u00a0\u00bbtag:h2|text_align:center\u00a0\u00bb use_theme_fonts=\u00a0\u00bbyes\u00a0\u00bb css=\u00a0\u00bb%7B%22default%22%3A%7B%22color%22%3A%22_header_middle_bg%22%2C%22text-align%22%3A%22inherit%22%2C%22font-size%22%3A%222.2rem%22%2C%22text-transform%22%3A%22uppercase%22%2C%22margin-top%22%3A%2210px%22%7D%2C%22laptops%22%3A%7B%22color%22%3A%22_header_middle_bg%22%2C%22text-align%22%3A%22inherit%22%2C%22font-size%22%3A%22%22%2C%22text-transform%22%3A%22uppercase%22%7D%2C%22tablets%22%3A%7B%22color%22%3A%22_header_middle_bg%22%2C%22text-align%22%3A%22inherit%22%2C%22font-size%22%3A%22%22%2C%22text-transform%22%3A%22uppercase%22%7D%2C%22mobiles%22%3A%7B%22color%22%3A%22_header_middle_bg%22%2C%22text-align%22%3A%22right%22%2C%22font-size%22%3A%221.2rem%22%2C%22text-transform%22%3A%22uppercase%22%7D%7D\u00a0\u00bb]<div class=\"w-btn-wrapper align_none\"><a class=\"w-btn us-btn-style_1 us_custom_33e62e98\" href=\"#\"><span class=\"w-btn-label\">Demandez un devis<\/span><\/a><\/div><\/div><\/div><\/div><\/div><\/div><\/section><section class=\"l-section wpb_row height_medium\"><div class=\"l-section-h i-cf\"><div class=\"g-cols vc_row via_grid cols_2 laptops-cols_inherit tablets-cols_inherit mobiles-cols_1 valign_middle type_default stacking_default\"><div class=\"wpb_column vc_column_container\"><div class=\"vc_column-inner\">[vc_custom_heading text=\u00a0\u00bbNos Services de Logistique &amp; Exp\u00e9dition\u00a0\u00bb font_container=\u00a0\u00bbtag:h3|text_align:left\u00a0\u00bb use_theme_fonts=\u00a0\u00bbyes\u00a0\u00bb css=\u00a0\u00bb%7B%22default%22%3A%7B%22font-family%22%3A%22h1%22%7D%7D\u00a0\u00bb][vc_custom_heading text=\u00a0\u00bbConditionnement sur mesure\u00a0\u00bb font_container=\u00a0\u00bbtag:h4|text_align:left\u00a0\u00bb css=\u00a0\u00bb%7B%22default%22%3A%7B%22font-family%22%3A%22Roboto%20Condensed%22%2C%22font-weight%22%3A%22100%22%7D%7D\u00a0\u00bb]<div class=\"wpb_text_column\"><div class=\"wpb_wrapper\"><div><span>\u2714 <\/span>Emballage adapt\u00e9 pour prot\u00e9ger vos impressions<\/div>\n<div><span>\u2714 <\/span>Mise sous film, sous enveloppe ou sous blister<\/div>\n<div><span>\u2714 <\/span>Pr\u00e9paration de kits personnalis\u00e9s (ex. dossiers commerciaux, mailings\u2026)<\/div>\n<\/div><\/div>[vc_custom_heading text=\u00a0\u00bbRoutage &amp; Exp\u00e9dition\u00a0\u00bb font_container=\u00a0\u00bbtag:h4|text_align:left\u00a0\u00bb css=\u00a0\u00bb%7B%22default%22%3A%7B%22font-family%22%3A%22Roboto%20Condensed%22%2C%22font-weight%22%3A%22100%22%7D%7D\u00a0\u00bb]<div class=\"wpb_text_column\"><div class=\"wpb_wrapper\"><div><span>\u2714 <\/span>Envoi en nombre vers une ou plusieurs destinations<\/div>\n<div><span>\u2714 <\/span>Tri et affranchissement selon les exigences postales<\/div>\n<div><span>\u2714 <\/span>Collaboration avec des transporteurs fiables pour une livraison rapide<\/div>\n<div><\/div>\n<\/div><\/div>[vc_custom_heading text=\u00a0\u00bbStockage &amp; Gestion des Stocks\u00a0\u00bb font_container=\u00a0\u00bbtag:h4|text_align:left\u00a0\u00bb css=\u00a0\u00bb%7B%22default%22%3A%7B%22font-family%22%3A%22Roboto%20Condensed%22%2C%22font-weight%22%3A%22100%22%7D%7D\u00a0\u00bb]<div class=\"wpb_text_column\"><div class=\"wpb_wrapper\"><div><span>\u2714<\/span><span>\u00a0<b>Stockage s\u00e9curis\u00e9<\/b>\u00a0de vos supports imprim\u00e9s<br \/>\n<\/span><\/div>\n<div><span>\u2714 <\/span>Gestion des quantit\u00e9s disponibles avec envoi \u00e0 la demande<\/div>\n<div><span>\u2714 <\/span>Solution id\u00e9ale pour les entreprises ayant des besoins r\u00e9currents<\/div>\n<\/div><\/div><\/div><\/div><div class=\"wpb_column vc_column_container\"><div class=\"vc_column-inner\"><div class=\"w-image us_custom_6644a615 align_none\"><div class=\"w-image-h\"><img decoding=\"async\" width=\"768\" height=\"1024\" src=\"https:\/\/labo.agencenemo.fr\/BDM\/wp-content\/uploads\/2025\/10\/IMG_4798-768x1024.jpg\" class=\"attachment-large size-large\" alt=\"\" loading=\"lazy\" srcset=\"https:\/\/labo.agencenemo.fr\/BDM\/wp-content\/uploads\/2025\/10\/IMG_4798-768x1024.jpg 768w, https:\/\/labo.agencenemo.fr\/BDM\/wp-content\/uploads\/2025\/10\/IMG_4798-225x300.jpg 225w, https:\/\/labo.agencenemo.fr\/BDM\/wp-content\/uploads\/2025\/10\/IMG_4798.jpg 800w\" sizes=\"auto, (max-width: 768px) 100vw, 768px\" \/><\/div><\/div><div class=\"w-separator size_small\"><\/div><\/div><\/div><\/div><\/div><\/section><section class=\"l-section wpb_row height_medium\"><div class=\"l-section-overlay\" style=\"background:var(--color-chrome-toolbar)\"><\/div><div class=\"l-section-h i-cf\"><div class=\"g-cols vc_row via_grid cols_2 laptops-cols_inherit tablets-cols_inherit mobiles-cols_1 valign_middle type_default reversed stacking_default\"><div class=\"wpb_column vc_column_container\"><div class=\"vc_column-inner\"><div class=\"w-image us_custom_6644a615 has_ratio align_none\"><div class=\"w-image-h\"><div style=\"padding-bottom:100%\"><\/div><img decoding=\"async\" width=\"600\" height=\"800\" src=\"https:\/\/labo.agencenemo.fr\/BDM\/wp-content\/uploads\/2025\/10\/IMG_4859.jpg\" class=\"attachment-large size-large\" alt=\"\" loading=\"lazy\" \/><\/div><\/div><\/div><\/div><div class=\"wpb_column vc_column_container\"><div class=\"vc_column-inner\">[vc_custom_heading text=\u00a0\u00bbPourquoi choisir notre service logistique ?\u00a0\u00bb font_container=\u00a0\u00bbtag:h3|text_align:left\u00a0\u00bb css=\u00a0\u00bb%7B%22default%22%3A%7B%22font-family%22%3A%22Roboto%20Condensed%22%2C%22font-weight%22%3A%22100%22%7D%7D\u00a0\u00bb]<div class=\"wpb_text_column us_custom_a833bf3c\"><div class=\"wpb_wrapper\"><p style=\"font-weight: 400;\">\u2714\u00a0<strong>Un gain de temps et d\u2019efficacit\u00e9<\/strong>\u00a0: nous g\u00e9rons l\u2019ensemble du processus, de l\u2019impression \u00e0 l\u2019exp\u00e9dition.<br \/>\n\u2714\u00a0<strong>Une ma\u00eetrise des co\u00fbts<\/strong>\u00a0: mutualisation des exp\u00e9ditions et conditionnements optimis\u00e9s.<br \/>\n\u2714\u00a0<strong>Un service personnalis\u00e9<\/strong>\u00a0: chaque projet est unique, nous nous adaptons \u00e0 vos exigences.<br \/>\n\u2714\u00a0<strong>Une exp\u00e9dition rapide et s\u00e9curis\u00e9e<\/strong>\u00a0: vos documents arrivent en parfait \u00e9tat et dans les d\u00e9lais annonc\u00e9s.<\/p>\n<\/div><\/div><div class=\"w-hwrapper us_custom_8678e3a3 valign_middle align_left\" style=\"--hwrapper-gap:0rem\"><div class=\"wpb_text_column\"><div class=\"wpb_wrapper\"><p><strong>Besoin d\u2019un envoi en nombre ou d\u2019un stockage longue dur\u00e9e ?<\/strong><br \/>\nNotre \u00e9quipe vous accompagne pour une\u00a0<strong>gestion logistique efficace et adapt\u00e9e \u00e0 vos besoins<\/strong>.<\/p>\n<\/div><\/div><\/div><div class=\"w-btn-wrapper align_none\"><a class=\"w-btn us-btn-style_1\" href=\"#\"><span class=\"w-btn-label\">Contactez-nous pour une solution sur mesure<\/span><\/a><\/div><\/div><\/div><\/div><\/div><\/section><section class=\"l-section wpb_row height_medium\"><div class=\"l-section-overlay\" style=\"background:var(--color-content-primary)\"><\/div><div class=\"l-section-h i-cf\"><div class=\"g-cols vc_row via_grid cols_1 laptops-cols_inherit tablets-cols_inherit mobiles-cols_1 valign_top type_default stacking_default\"><div class=\"wpb_column vc_column_container\"><div class=\"vc_column-inner\"><section class=\"l-section wpb_row us_custom_8b3d6790 has_text_color height_auto width_custom\" style=\"--site-content-width:900px;\"><div class=\"l-section-h i-cf\"><div class=\"g-cols vc_row via_grid cols_1 laptops-cols_inherit tablets-cols_inherit mobiles-cols_1 valign_top type_default stacking_default\"><div class=\"wpb_column vc_column_container\"><div class=\"vc_column-inner\">[vc_custom_heading text=\u00a0\u00bbPourquoi choisir BDM Imprimeurs ?\u00a0\u00bb use_theme_fonts=\u00a0\u00bbyes\u00a0\u00bb]<div class=\"wpb_text_column\"><div class=\"wpb_wrapper\"><div>\u2714 <b><span>Des impressions de qualit\u00e9 <\/span><\/b><span>avec des couleurs vives et des d\u00e9tails pr\u00e9cis.<\/span><\/div>\n<div><span>\u2714\u00a0<b>Une personnalisation totale<\/b>\u00a0: formats, finitions, mat\u00e9riaux sur mesure.<br \/>\n<\/span><\/div>\n<div><span>\u2714 <\/span><span><b>Des solutions adapt\u00e9es \u00e0 tous les secteurs<\/b>\u00a0: commerce, industrie, \u00e9v\u00e9nementiel.<br \/>\n<\/span><\/div>\n<div><span>\u2714 <\/span><span><b>Une production rapide et flexible<\/b>\u00a0pour s\u2019adapter \u00e0 vos besoins.<\/span><\/div>\n<div><\/div>\n<\/div><\/div><\/div><\/div><\/div><\/div><\/section>\n<\/div><\/div><\/div><\/div><\/section>\n","protected":false},"excerpt":{"rendered":"[vc_custom_heading text=\"Logistique &amp; Exp\u00e9dition\" font_container=\"tag:h1|text_align:left\" use_theme_fonts=\"yes\" css=\"%7B%22default%22%3A%7B%22margin-bottom%22%3A%220px%22%2C%22padding-bottom%22%3A%220px%22%7D%7D\"][vc_custom_heading text=\"Une Gestion Compl\u00e8te de Vos Impressions\" css=\"%7B%22default%22%3A%7B%22font-family%22%3A%22Roboto%20Condensed%22%2C%22font-weight%22%3A%22100%22%2C%22margin-top%22%3A%220px%22%2C%22padding-top%22%3A%220px%22%7D%7D\"]Chez\u00a0BDM Imprimeurs, notre engagement ne s\u2019arr\u00eate pas \u00e0 l\u2019impression et au fa\u00e7onnage. Nous vous offrons une\u00a0solution logistique compl\u00e8te\u00a0pour assurer le conditionnement, le stockage et l\u2019exp\u00e9dition de vos supports imprim\u00e9s. Gr\u00e2ce \u00e0 nos services de\u00a0routage, conditionnement et gestion de stock, vous b\u00e9n\u00e9ficiez d\u2019une...","protected":false},"author":1,"featured_media":0,"parent":113,"menu_order":0,"comment_status":"closed","ping_status":"closed","template":"","meta":{"footnotes":""},"class_list":["post-121","page","type-page","status-publish","hentry"],"_links":{"self":[{"href":"https:\/\/labo.agencenemo.fr\/BDM\/index.php?rest_route=\/wp\/v2\/pages\/121","targetHints":{"allow":["GET"]}}],"collection":[{"href":"https:\/\/labo.agencenemo.fr\/BDM\/index.php?rest_route=\/wp\/v2\/pages"}],"about":[{"href":"https:\/\/labo.agencenemo.fr\/BDM\/index.php?rest_route=\/wp\/v2\/types\/page"}],"author":[{"embeddable":true,"href":"https:\/\/labo.agencenemo.fr\/BDM\/index.php?rest_route=\/wp\/v2\/users\/1"}],"replies":[{"embeddable":true,"href":"https:\/\/labo.agencenemo.fr\/BDM\/index.php?rest_route=%2Fwp%2Fv2%2Fcomments&post=121"}],"version-history":[{"count":5,"href":"https:\/\/labo.agencenemo.fr\/BDM\/index.php?rest_route=\/wp\/v2\/pages\/121\/revisions"}],"predecessor-version":[{"id":598,"href":"https:\/\/labo.agencenemo.fr\/BDM\/index.php?rest_route=\/wp\/v2\/pages\/121\/revisions\/598"}],"up":[{"embeddable":true,"href":"https:\/\/labo.agencenemo.fr\/BDM\/index.php?rest_route=\/wp\/v2\/pages\/113"}],"wp:attachment":[{"href":"https:\/\/labo.agencenemo.fr\/BDM\/index.php?rest_route=%2Fwp%2Fv2%2Fmedia&parent=121"}],"curies":[{"name":"wp","href":"https:\/\/api.w.org\/{rel}","templated":true}]}}