{"id":119,"date":"2025-02-18T08:42:15","date_gmt":"2025-02-18T07:42:15","guid":{"rendered":"https:\/\/labo.agencenemo.fr\/BDM\/?page_id=119"},"modified":"2025-10-08T16:00:08","modified_gmt":"2025-10-08T14:00:08","slug":"faconnage-finition","status":"publish","type":"page","link":"https:\/\/labo.agencenemo.fr\/BDM\/?page_id=119","title":{"rendered":"Fa\u00e7onnage &#038; Finition"},"content":{"rendered":"<section class=\"l-section wpb_row us_custom_8b3d6790 has_text_color height_auto width_custom\" style=\"--site-content-width:900px;\"><div class=\"l-section-overlay\" style=\"background:var(--color-content-primary)\"><\/div><div class=\"l-section-h i-cf\"><div class=\"g-cols vc_row via_grid cols_1 laptops-cols_inherit tablets-cols_inherit mobiles-cols_1 valign_top type_default stacking_default\"><div class=\"wpb_column vc_column_container\"><div class=\"vc_column-inner\"><div class=\"w-separator size_small\"><\/div>[vc_custom_heading text=\u00a0\u00bbFa\u00e7onnage &amp; Finition\u00a0\u00bb font_container=\u00a0\u00bbtag:h1|text_align:left\u00a0\u00bb use_theme_fonts=\u00a0\u00bbyes\u00a0\u00bb css=\u00a0\u00bb%7B%22default%22%3A%7B%22margin-bottom%22%3A%220px%22%2C%22padding-bottom%22%3A%220px%22%7D%7D\u00a0\u00bb][vc_custom_heading text=\u00a0\u00bbSublimez Vos Impressions\u00a0\u00bb css=\u00a0\u00bb%7B%22default%22%3A%7B%22font-family%22%3A%22Roboto%20Condensed%22%2C%22font-weight%22%3A%22100%22%2C%22margin-top%22%3A%220px%22%2C%22padding-top%22%3A%220px%22%7D%7D\u00a0\u00bb]<\/div><\/div><\/div><\/div><\/section><section class=\"l-section wpb_row us_custom_8b3d6790 has_text_color height_auto width_custom\" style=\"--site-content-width:900px;\"><div class=\"l-section-overlay\" style=\"background:var(--color-content-primary)\"><\/div><div class=\"l-section-h i-cf\"><div class=\"g-cols vc_row via_grid cols_1 laptops-cols_inherit tablets-cols_inherit mobiles-cols_1 valign_top type_default stacking_default\"><div class=\"wpb_column vc_column_container\"><div class=\"vc_column-inner\"><div class=\"w-separator size_small\"><\/div><div class=\"wpb_text_column\"><div class=\"wpb_wrapper\"><p style=\"font-weight: 400;\">Une impression de qualit\u00e9 ne s\u2019arr\u00eate pas \u00e0 l\u2019encre sur le papier. Chez\u00a0<strong>BDM Imprimeurs<\/strong>, nous vous proposons un large choix de\u00a0<strong>fa\u00e7onnages et finitions<\/strong>\u00a0pour donner \u00e0 vos supports une\u00a0<strong>pr\u00e9sentation professionnelle, \u00e9l\u00e9gante et percutante<\/strong>.<\/p>\n<p style=\"font-weight: 400;\">Qu\u2019il s\u2019agisse de\u00a0<strong>pliage, d\u00e9coupe, reliure ou ennoblissement<\/strong>, chaque d\u00e9tail compte pour faire ressortir votre image de marque et garantir un rendu irr\u00e9prochable.<\/p>\n<\/div><\/div><div class=\"w-separator size_medium\"><\/div><\/div><\/div><\/div><\/div><\/section><section class=\"l-section wpb_row height_small\"><div class=\"l-section-overlay\" style=\"background:var(--color-header-middle-text-hover)\"><\/div><div class=\"l-section-h i-cf\"><div class=\"g-cols vc_row via_grid cols_1 laptops-cols_inherit tablets-cols_inherit mobiles-cols_1 valign_top type_default stacking_default\"><div class=\"wpb_column vc_column_container\"><div class=\"vc_column-inner\"><div class=\"w-hwrapper valign_middle align_center\" style=\"--hwrapper-gap:3rem\">[vc_custom_heading text=\u00a0\u00bbUn projet ? Demandez votre devis personnalis\u00e9\u00a0\u00bb font_container=\u00a0\u00bbtag:h2|text_align:center\u00a0\u00bb use_theme_fonts=\u00a0\u00bbyes\u00a0\u00bb css=\u00a0\u00bb%7B%22default%22%3A%7B%22color%22%3A%22_header_middle_bg%22%2C%22text-align%22%3A%22inherit%22%2C%22font-size%22%3A%222.2rem%22%2C%22text-transform%22%3A%22uppercase%22%2C%22margin-top%22%3A%2210px%22%7D%2C%22laptops%22%3A%7B%22color%22%3A%22_header_middle_bg%22%2C%22text-align%22%3A%22inherit%22%2C%22font-size%22%3A%22%22%2C%22text-transform%22%3A%22uppercase%22%7D%2C%22tablets%22%3A%7B%22color%22%3A%22_header_middle_bg%22%2C%22text-align%22%3A%22inherit%22%2C%22font-size%22%3A%22%22%2C%22text-transform%22%3A%22uppercase%22%7D%2C%22mobiles%22%3A%7B%22color%22%3A%22_header_middle_bg%22%2C%22text-align%22%3A%22right%22%2C%22font-size%22%3A%221.2rem%22%2C%22text-transform%22%3A%22uppercase%22%7D%7D\u00a0\u00bb]<div class=\"w-btn-wrapper align_none\"><a class=\"w-btn us-btn-style_1 us_custom_33e62e98\" href=\"#\"><span class=\"w-btn-label\">Demandez un devis<\/span><\/a><\/div><\/div><\/div><\/div><\/div><\/div><\/section><section class=\"l-section wpb_row height_medium\"><div class=\"l-section-h i-cf\"><div class=\"g-cols vc_row via_grid cols_2 laptops-cols_inherit tablets-cols_inherit mobiles-cols_1 valign_middle type_default stacking_default\"><div class=\"wpb_column vc_column_container\"><div class=\"vc_column-inner\">[vc_custom_heading text=\u00a0\u00bbNos solutions de fa\u00e7onnage pour une mise en forme parfaite\u00a0\u00bb font_container=\u00a0\u00bbtag:h3|text_align:left\u00a0\u00bb use_theme_fonts=\u00a0\u00bbyes\u00a0\u00bb css=\u00a0\u00bb%7B%22default%22%3A%7B%22font-family%22%3A%22h1%22%7D%7D\u00a0\u00bb][vc_custom_heading text=\u00a0\u00bbCoupe &amp; D\u00e9coupe \u00e0 la Forme\u00a0\u00bb font_container=\u00a0\u00bbtag:h4|text_align:left\u00a0\u00bb css=\u00a0\u00bb%7B%22default%22%3A%7B%22font-family%22%3A%22Roboto%20Condensed%22%2C%22font-weight%22%3A%22100%22%7D%7D\u00a0\u00bb]<div class=\"wpb_text_column\"><div class=\"wpb_wrapper\"><div><span>\u2714 <\/span>D\u00e9coupe standard ou personnalis\u00e9e selon vos besoins<\/div>\n<div><span>\u2714 <\/span>Formats vari\u00e9s, du simple carr\u00e9 au design sur-mesure<\/div>\n<div><span>\u2714 <\/span>Id\u00e9al pour des cartes de visite originales, stickers, \u00e9tiquettes, PLV<\/div>\n<\/div><\/div>[vc_custom_heading text=\u00a0\u00bbPliage &amp; Assemblage\u00a0\u00bb font_container=\u00a0\u00bbtag:h5|text_align:left\u00a0\u00bb css=\u00a0\u00bb%7B%22default%22%3A%7B%22font-family%22%3A%22Roboto%20Condensed%22%2C%22font-weight%22%3A%22100%22%7D%7D\u00a0\u00bb]<div class=\"wpb_text_column\"><div class=\"wpb_wrapper\"><div><span>\u2714 Pli simple, accord\u00e9on, roul\u00e9 ou crois\u00e9 selon votre support<br \/>\n<\/span><\/div>\n<div><span>\u2714 <\/span>Mise en page optimis\u00e9e pour un rendu professionnel<\/div>\n<div><span>\u2714 <\/span>Parfait pour les brochures, d\u00e9pliants, catalogues<\/div>\n<div><\/div>\n<\/div><\/div>[vc_custom_heading text=\u00a0\u00bbReliure &amp; Assemblage\u00a0\u00bb font_container=\u00a0\u00bbtag:h5|text_align:left\u00a0\u00bb css=\u00a0\u00bb%7B%22default%22%3A%7B%22font-family%22%3A%22Roboto%20Condensed%22%2C%22font-weight%22%3A%22100%22%7D%7D\u00a0\u00bb]<div class=\"wpb_text_column\"><div class=\"wpb_wrapper\"><div>\n<div>\u2714<b><span> Reliure agraf\u00e9e <\/span><\/b><span>: id\u00e9ale pour les brochures et carnets<br \/>\n<\/span><\/div>\n<div><span>\u2714 <\/span><span><b>Dos carr\u00e9 coll\u00e9<\/b>\u00a0: parfait pour les catalogues et livres<br \/>\n<\/span><\/div>\n<div><span>\u2714 <\/span><span><b>Reliure spirale ou Wire-O<\/b>\u00a0: robuste et pratique pour les calendriers et carnets<\/span><\/div>\n<div><\/div>\n<\/div>\n<\/div><\/div><\/div><\/div><div class=\"wpb_column vc_column_container\"><div class=\"vc_column-inner\"><div class=\"w-video us_custom_6644a615 align_none ratio_16x9\"><div class=\"w-video-h\"><video  preload=\"metadata\" playsinline autoplay muted><source type=\"video\/mp4\" src=\"https:\/\/labo.agencenemo.fr\/BDM\/wp-content\/uploads\/2025\/06\/VIDEO-2025-06-11-17-28-18.mp4\" \/><\/video><\/div><\/div><div class=\"w-separator size_small\"><\/div><div class=\"w-video us_custom_6644a615 align_none ratio_16x9\"><div class=\"w-video-h\"><video  preload=\"metadata\" playsinline autoplay muted><source type=\"video\/mp4\" src=\"https:\/\/labo.agencenemo.fr\/BDM\/wp-content\/uploads\/2025\/06\/IMG_6375.mp4\" \/><\/video><\/div><\/div><\/div><\/div><\/div><\/div><\/section><section class=\"l-section wpb_row height_medium\"><div class=\"l-section-overlay\" style=\"background:var(--color-chrome-toolbar)\"><\/div><div class=\"l-section-h i-cf\"><div class=\"g-cols vc_row via_grid cols_2 laptops-cols_inherit tablets-cols_inherit mobiles-cols_1 valign_middle type_default reversed stacking_default\"><div class=\"wpb_column vc_column_container\"><div class=\"vc_column-inner\"><div class=\"w-slider us_custom_6644a615 style_none fit_scaledown nav_none has_ratio count_4\" style=\"--aspect-ratio: 4\/3;\"><div class=\"w-slider-h\"><div class=\"royalSlider\"><div class=\"rsContent\"><a class=\"rsImg\" data-rsw=\"800\" data-rsh=\"600\" href=\"https:\/\/labo.agencenemo.fr\/BDM\/wp-content\/uploads\/2025\/10\/IMG_4678.jpg\"><span data-alt=\"\"><\/span><\/a><\/div><div class=\"rsContent\"><a class=\"rsImg\" data-rsw=\"800\" data-rsh=\"600\" href=\"https:\/\/labo.agencenemo.fr\/BDM\/wp-content\/uploads\/2025\/10\/IMG_4683.jpg\"><span data-alt=\"\"><\/span><\/a><\/div><div class=\"rsContent\"><a class=\"rsImg\" data-rsw=\"800\" data-rsh=\"600\" href=\"https:\/\/labo.agencenemo.fr\/BDM\/wp-content\/uploads\/2025\/10\/IMG_4746.jpg\"><span data-alt=\"\"><\/span><\/a><\/div><div class=\"rsContent\"><a class=\"rsImg\" data-rsw=\"800\" data-rsh=\"600\" href=\"https:\/\/labo.agencenemo.fr\/BDM\/wp-content\/uploads\/2025\/10\/IMG_4752.jpg\"><span data-alt=\"\"><\/span><\/a><\/div><\/div><img decoding=\"async\" src=\"https:\/\/labo.agencenemo.fr\/BDM\/wp-content\/uploads\/2025\/10\/IMG_4678.jpg\" width=\"800\" height=\"600\" alt loading=\"lazy\"><\/div><div class=\"w-slider-json\" onclick='return {&quot;autoScaleSlider&quot;:false,&quot;addActiveClass&quot;:true,&quot;loop&quot;:true,&quot;fadeInLoadedSlide&quot;:false,&quot;slidesSpacing&quot;:0,&quot;imageScalePadding&quot;:0,&quot;numImagesToPreload&quot;:2,&quot;arrowsNav&quot;:true,&quot;arrowsNavAutoHide&quot;:false,&quot;transitionType&quot;:&quot;move&quot;,&quot;transitionSpeed&quot;:250,&quot;block&quot;:{&quot;moveEffect&quot;:&quot;none&quot;,&quot;speed&quot;:300},&quot;thumbs&quot;:{&quot;fitInViewport&quot;:false,&quot;firstMargin&quot;:false,&quot;spacing&quot;:4},&quot;controlNavigation&quot;:&quot;none&quot;}'><\/div><\/div><div class=\"w-separator size_small\"><\/div><div class=\"w-video us_custom_6644a615 align_none ratio_16x9\"><div class=\"w-video-h\"><video  preload=\"metadata\" playsinline autoplay muted><source type=\"video\/mp4\" src=\"https:\/\/labo.agencenemo.fr\/BDM\/wp-content\/uploads\/2025\/10\/VIDEO-2025-06-26-10-12-22.mp4\" \/><\/video><\/div><\/div><\/div><\/div><div class=\"wpb_column vc_column_container\"><div class=\"vc_column-inner\">[vc_custom_heading text=\u00a0\u00bbLes finitions pour valoriser vos supports\u00a0\u00bb font_container=\u00a0\u00bbtag:h3|text_align:left\u00a0\u00bb use_theme_fonts=\u00a0\u00bbyes\u00a0\u00bb css=\u00a0\u00bb%7B%22default%22%3A%7B%22font-family%22%3A%22h1%22%7D%7D\u00a0\u00bb][vc_custom_heading text=\u00a0\u00bbPelliculage &amp; Vernis\u00a0\u00bb font_container=\u00a0\u00bbtag:h4|text_align:left\u00a0\u00bb css=\u00a0\u00bb%7B%22default%22%3A%7B%22font-family%22%3A%22Roboto%20Condensed%22%2C%22font-weight%22%3A%22100%22%7D%7D\u00a0\u00bb]<div class=\"wpb_text_column us_custom_a833bf3c\"><div class=\"wpb_wrapper\"><div><span>\u2714 <\/span><b>Pelliculage mat, brillant ou soft touch<\/b>\u00a0pour un effet haut de gamme<\/div>\n<div><span>\u2714 <\/span><span><b>Vernis s\u00e9lectif<\/b>\u00a0: mettez en avant des \u00e9l\u00e9ments cl\u00e9s avec une touche brillante<br \/>\n<\/span><\/div>\n<div><span>\u2714 <\/span><span><b>Vernis 3D<\/b>\u00a0: effet relief pour un toucher unique<\/span><\/div>\n<div><\/div>\n<\/div><\/div>[vc_custom_heading text=\u00a0\u00bbDorure &amp; Gaufrage\u00a0\u00bb font_container=\u00a0\u00bbtag:h5|text_align:left\u00a0\u00bb css=\u00a0\u00bb%7B%22default%22%3A%7B%22font-family%22%3A%22Roboto%20Condensed%22%2C%22font-weight%22%3A%22100%22%7D%7D\u00a0\u00bb]<div class=\"wpb_text_column\"><div class=\"wpb_wrapper\"><div><span>\u2714<\/span><span>\u00a0<b>Dorure \u00e0 chaud (or, argent, cuivre, holographique\u2026)<\/b>\u00a0pour un rendu luxueux<br \/>\n<\/span><\/div>\n<div><span>\u2714<\/span><span>\u00a0<b>Gaufrage \/ embossage<\/b>\u00a0: relief subtil pour une finition \u00e9l\u00e9gante<\/span><\/div>\n<div><\/div>\n<\/div><\/div>[vc_custom_heading text=\u00a0\u00bbEffets sp\u00e9ciaux &amp; Textures\u00a0\u00bb font_container=\u00a0\u00bbtag:h5|text_align:left\u00a0\u00bb css=\u00a0\u00bb%7B%22default%22%3A%7B%22font-family%22%3A%22Roboto%20Condensed%22%2C%22font-weight%22%3A%22100%22%7D%7D\u00a0\u00bb]<div class=\"wpb_text_column\"><div class=\"wpb_wrapper\"><div><span>\u2714 <\/span>Papier textur\u00e9, effet m\u00e9tallis\u00e9 ou paillet\u00e9<\/div>\n<div><span>\u2714 <\/span>Impression sur supports sp\u00e9cifiques : PVC, bois, textile<\/div>\n<\/div><\/div><\/div><\/div><\/div><\/div><\/section><section class=\"l-section wpb_row height_medium\"><div class=\"l-section-overlay\" style=\"background:var(--color-header-middle-text)\"><\/div><div class=\"l-section-h i-cf\"><div class=\"g-cols vc_row via_grid cols_1 laptops-cols_inherit tablets-cols_inherit mobiles-cols_1 valign_top type_default stacking_default\"><div class=\"wpb_column vc_column_container\"><div class=\"vc_column-inner\">[vc_custom_heading text=\u00a0\u00bbQuel fa\u00e7onnage et finition choisir ?\u00a0\u00bb use_theme_fonts=\u00a0\u00bbyes\u00a0\u00bb css=\u00a0\u00bb%7B%22default%22%3A%7B%22color%22%3A%22_header_middle_bg%22%2C%22font-family%22%3A%22h1%22%7D%7D\u00a0\u00bb]<div class=\"w-hwrapper us_custom_73090820 valign_top align_none\"><div class=\"wpb_text_column us_custom_8cdb7ab5\"><div class=\"wpb_wrapper\">\n<table id=\"tablepress-2\" class=\"tablepress tablepress-id-2\">\n<thead>\n<tr class=\"row-1\">\n\t<th class=\"column-1\">Technique<\/th><th class=\"column-2\">Effet recherch\u00e9<\/th><th class=\"column-3\">Supports adapt\u00e9s<\/th>\n<\/tr>\n<\/thead>\n<tbody class=\"row-striping row-hover\">\n<tr class=\"row-2\">\n\t<td class=\"column-1\">D\u00e9coupe \u00e0 la forme<\/td><td class=\"column-2\">Design original et impact visuel<\/td><td class=\"column-3\">Cartes de visite, \u00e9tiquettes, PLV<\/td>\n<\/tr>\n<tr class=\"row-3\">\n\t<td class=\"column-1\">Pelliculage Soft Touch<\/td><td class=\"column-2\">Effet peau de p\u00eache, premium<\/td><td class=\"column-3\">Brochures, couvertures, plaquettes<\/td>\n<\/tr>\n<tr class=\"row-4\">\n\t<td class=\"column-1\">Vernis S\u00e9lectif<\/td><td class=\"column-2\">Mise en valeur d\u2019\u00e9l\u00e9ments cl\u00e9s<\/td><td class=\"column-3\">Cartes de visite, catalogues<\/td>\n<\/tr>\n<tr class=\"row-5\">\n\t<td class=\"column-1\">Dorure \u00e0 chaud<\/td><td class=\"column-2\">\u00c9l\u00e9gance et luxe<\/td><td class=\"column-3\">Invitations, packaging, logos<\/td>\n<\/tr>\n<tr class=\"row-6\">\n\t<td class=\"column-1\">Reliure dos carr\u00e9 coll\u00e9<\/td><td class=\"column-2\">Aspect livre professionnel<\/td><td class=\"column-3\">Catalogues, magazines<\/td>\n<\/tr>\n<tr class=\"row-7\">\n\t<td class=\"column-1\">Reliure Wire-O<\/td><td class=\"column-2\">Praticit\u00e9 et robustesse<\/td><td class=\"column-3\">Calendriers, carnets<\/td>\n<\/tr>\n<\/tbody>\n<\/table>\n<!-- #tablepress-2 from cache -->\n<\/div><\/div><\/div><\/div><\/div><\/div><\/div><\/section><section class=\"l-section wpb_row height_medium\"><div class=\"l-section-overlay\" style=\"background:var(--color-content-primary)\"><\/div><div class=\"l-section-h i-cf\"><div class=\"g-cols vc_row via_grid cols_1 laptops-cols_inherit tablets-cols_inherit mobiles-cols_1 valign_top type_default stacking_default\"><div class=\"wpb_column vc_column_container\"><div class=\"vc_column-inner\"><section class=\"l-section wpb_row us_custom_8b3d6790 has_text_color height_auto width_custom\" style=\"--site-content-width:900px;\"><div class=\"l-section-h i-cf\"><div class=\"g-cols vc_row via_grid cols_1 laptops-cols_inherit tablets-cols_inherit mobiles-cols_1 valign_top type_default stacking_default\"><div class=\"wpb_column vc_column_container\"><div class=\"vc_column-inner\">[vc_custom_heading text=\u00a0\u00bbPourquoi choisir BDM Imprimeurs ?\u00a0\u00bb use_theme_fonts=\u00a0\u00bbyes\u00a0\u00bb]<div class=\"wpb_text_column\"><div class=\"wpb_wrapper\"><div>\u2714 <b><span>Des impressions de qualit\u00e9 <\/span><\/b><span>avec des couleurs vives et des d\u00e9tails pr\u00e9cis.<\/span><\/div>\n<div><span>\u2714\u00a0<b>Une personnalisation totale<\/b>\u00a0: formats, finitions, mat\u00e9riaux sur mesure.<br \/>\n<\/span><\/div>\n<div><span>\u2714 <\/span><span><b>Des solutions adapt\u00e9es \u00e0 tous les secteurs<\/b>\u00a0: commerce, industrie, \u00e9v\u00e9nementiel.<br \/>\n<\/span><\/div>\n<div><span>\u2714 <\/span><span><b>Une production rapide et flexible<\/b>\u00a0pour s\u2019adapter \u00e0 vos besoins.<\/span><\/div>\n<div><\/div>\n<\/div><\/div><\/div><\/div><\/div><\/div><\/section>\n<\/div><\/div><\/div><\/div><\/section>\n","protected":false},"excerpt":{"rendered":"[vc_custom_heading text=\"Fa\u00e7onnage &amp; Finition\" font_container=\"tag:h1|text_align:left\" use_theme_fonts=\"yes\" css=\"%7B%22default%22%3A%7B%22margin-bottom%22%3A%220px%22%2C%22padding-bottom%22%3A%220px%22%7D%7D\"][vc_custom_heading text=\"Sublimez Vos Impressions\" css=\"%7B%22default%22%3A%7B%22font-family%22%3A%22Roboto%20Condensed%22%2C%22font-weight%22%3A%22100%22%2C%22margin-top%22%3A%220px%22%2C%22padding-top%22%3A%220px%22%7D%7D\"]Une impression de qualit\u00e9 ne s\u2019arr\u00eate pas \u00e0 l\u2019encre sur le papier. Chez\u00a0BDM Imprimeurs, nous vous proposons un large choix de\u00a0fa\u00e7onnages et finitions\u00a0pour donner \u00e0 vos supports une\u00a0pr\u00e9sentation professionnelle, \u00e9l\u00e9gante et percutante. Qu\u2019il s\u2019agisse de\u00a0pliage, d\u00e9coupe, reliure ou ennoblissement, chaque d\u00e9tail compte pour faire ressortir...","protected":false},"author":1,"featured_media":0,"parent":113,"menu_order":0,"comment_status":"closed","ping_status":"closed","template":"","meta":{"footnotes":""},"class_list":["post-119","page","type-page","status-publish","hentry"],"_links":{"self":[{"href":"https:\/\/labo.agencenemo.fr\/BDM\/index.php?rest_route=\/wp\/v2\/pages\/119","targetHints":{"allow":["GET"]}}],"collection":[{"href":"https:\/\/labo.agencenemo.fr\/BDM\/index.php?rest_route=\/wp\/v2\/pages"}],"about":[{"href":"https:\/\/labo.agencenemo.fr\/BDM\/index.php?rest_route=\/wp\/v2\/types\/page"}],"author":[{"embeddable":true,"href":"https:\/\/labo.agencenemo.fr\/BDM\/index.php?rest_route=\/wp\/v2\/users\/1"}],"replies":[{"embeddable":true,"href":"https:\/\/labo.agencenemo.fr\/BDM\/index.php?rest_route=%2Fwp%2Fv2%2Fcomments&post=119"}],"version-history":[{"count":6,"href":"https:\/\/labo.agencenemo.fr\/BDM\/index.php?rest_route=\/wp\/v2\/pages\/119\/revisions"}],"predecessor-version":[{"id":515,"href":"https:\/\/labo.agencenemo.fr\/BDM\/index.php?rest_route=\/wp\/v2\/pages\/119\/revisions\/515"}],"up":[{"embeddable":true,"href":"https:\/\/labo.agencenemo.fr\/BDM\/index.php?rest_route=\/wp\/v2\/pages\/113"}],"wp:attachment":[{"href":"https:\/\/labo.agencenemo.fr\/BDM\/index.php?rest_route=%2Fwp%2Fv2%2Fmedia&parent=119"}],"curies":[{"name":"wp","href":"https:\/\/api.w.org\/{rel}","templated":true}]}}