{"id":117,"date":"2025-02-18T08:42:03","date_gmt":"2025-02-18T07:42:03","guid":{"rendered":"https:\/\/labo.agencenemo.fr\/BDM\/?page_id=117"},"modified":"2025-07-23T11:02:18","modified_gmt":"2025-07-23T09:02:18","slug":"impression-offset-numerique","status":"publish","type":"page","link":"https:\/\/labo.agencenemo.fr\/BDM\/?page_id=117","title":{"rendered":"Impression Offset &#038; Num\u00e9rique"},"content":{"rendered":"<section class=\"l-section wpb_row us_custom_8b3d6790 has_text_color height_auto width_custom\" style=\"--site-content-width:900px;\"><div class=\"l-section-overlay\" style=\"background:var(--color-content-primary)\"><\/div><div class=\"l-section-h i-cf\"><div class=\"g-cols vc_row via_grid cols_1 laptops-cols_inherit tablets-cols_inherit mobiles-cols_1 valign_top type_default stacking_default\"><div class=\"wpb_column vc_column_container\"><div class=\"vc_column-inner\"><div class=\"w-separator size_small\"><\/div>[vc_custom_heading text=\u00a0\u00bbImpression Offset &amp; Num\u00e9rique\u00a0\u00bb font_container=\u00a0\u00bbtag:h1|text_align:left\u00a0\u00bb use_theme_fonts=\u00a0\u00bbyes\u00a0\u00bb css=\u00a0\u00bb%7B%22default%22%3A%7B%22margin-bottom%22%3A%220px%22%2C%22padding-bottom%22%3A%220px%22%7D%7D\u00a0\u00bb][vc_custom_heading text=\u00a0\u00bbQualit\u00e9 et Flexibilit\u00e9 pour Tous vos Projets\u00a0\u00bb css=\u00a0\u00bb%7B%22default%22%3A%7B%22font-family%22%3A%22Roboto%20Condensed%22%2C%22font-weight%22%3A%22100%22%2C%22margin-top%22%3A%220px%22%2C%22padding-top%22%3A%220px%22%7D%7D\u00a0\u00bb]<\/div><\/div><\/div><\/div><\/section><section class=\"l-section wpb_row us_custom_8b3d6790 has_text_color height_auto width_custom\" style=\"--site-content-width:900px;\"><div class=\"l-section-overlay\" style=\"background:var(--color-content-primary)\"><\/div><div class=\"l-section-h i-cf\"><div class=\"g-cols vc_row via_grid cols_1 laptops-cols_inherit tablets-cols_inherit mobiles-cols_1 valign_top type_default stacking_default\"><div class=\"wpb_column vc_column_container\"><div class=\"vc_column-inner\"><div class=\"w-separator size_small\"><\/div><div class=\"wpb_text_column\"><div class=\"wpb_wrapper\"><p style=\"font-weight: 400;\">Chez\u00a0<strong>BDM Imprimeurs<\/strong>, nous proposons deux technologies compl\u00e9mentaires pour r\u00e9pondre \u00e0 tous vos besoins d\u2019impression :\u00a0<strong>l\u2019impression offset et l\u2019impression num\u00e9rique<\/strong>. Que vous ayez besoin de\u00a0<strong>petites s\u00e9ries personnalis\u00e9es<\/strong>ou de\u00a0<strong>grandes quantit\u00e9s \u00e0 co\u00fbt optimis\u00e9<\/strong>, nous avons la solution adapt\u00e9e \u00e0 votre projet.<\/p>\n<p style=\"font-weight: 400;\">D\u00e9couvrez les avantages de chaque m\u00e9thode et b\u00e9n\u00e9ficiez de notre expertise pour choisir la technique la plus adapt\u00e9e \u00e0 vos supports imprim\u00e9s.<\/p>\n<\/div><\/div><div class=\"w-separator size_medium\"><\/div><\/div><\/div><\/div><\/div><\/section><section class=\"l-section wpb_row height_small\"><div class=\"l-section-overlay\" style=\"background:var(--color-header-middle-text-hover)\"><\/div><div class=\"l-section-h i-cf\"><div class=\"g-cols vc_row via_grid cols_1 laptops-cols_inherit tablets-cols_inherit mobiles-cols_1 valign_top type_default stacking_default\"><div class=\"wpb_column vc_column_container\"><div class=\"vc_column-inner\"><div class=\"w-hwrapper valign_middle align_center\" style=\"--hwrapper-gap:3rem\">[vc_custom_heading text=\u00a0\u00bbUn projet ? Demandez votre devis personnalis\u00e9\u00a0\u00bb font_container=\u00a0\u00bbtag:h2|text_align:center\u00a0\u00bb use_theme_fonts=\u00a0\u00bbyes\u00a0\u00bb css=\u00a0\u00bb%7B%22default%22%3A%7B%22color%22%3A%22_header_middle_bg%22%2C%22text-align%22%3A%22inherit%22%2C%22font-size%22%3A%222.2rem%22%2C%22text-transform%22%3A%22uppercase%22%2C%22margin-top%22%3A%2210px%22%7D%2C%22laptops%22%3A%7B%22color%22%3A%22_header_middle_bg%22%2C%22text-align%22%3A%22inherit%22%2C%22font-size%22%3A%22%22%2C%22text-transform%22%3A%22uppercase%22%7D%2C%22tablets%22%3A%7B%22color%22%3A%22_header_middle_bg%22%2C%22text-align%22%3A%22inherit%22%2C%22font-size%22%3A%22%22%2C%22text-transform%22%3A%22uppercase%22%7D%2C%22mobiles%22%3A%7B%22color%22%3A%22_header_middle_bg%22%2C%22text-align%22%3A%22right%22%2C%22font-size%22%3A%221.2rem%22%2C%22text-transform%22%3A%22uppercase%22%7D%7D\u00a0\u00bb]<div class=\"w-btn-wrapper align_none\"><a class=\"w-btn us-btn-style_1 us_custom_33e62e98\" href=\"#\"><span class=\"w-btn-label\">Demandez un devis<\/span><\/a><\/div><\/div><\/div><\/div><\/div><\/div><\/section><section class=\"l-section wpb_row height_medium\"><div class=\"l-section-h i-cf\"><div class=\"g-cols vc_row via_grid cols_2 laptops-cols_inherit tablets-cols_inherit mobiles-cols_1 valign_middle type_default stacking_default\"><div class=\"wpb_column vc_column_container\"><div class=\"vc_column-inner\">[vc_custom_heading text=\u00a0\u00bbImpression Offset\u00a0\u00bb font_container=\u00a0\u00bbtag:h3|text_align:left\u00a0\u00bb use_theme_fonts=\u00a0\u00bbyes\u00a0\u00bb css=\u00a0\u00bb%7B%22default%22%3A%7B%22font-family%22%3A%22h1%22%7D%7D\u00a0\u00bb][vc_custom_heading text=\u00a0\u00bbLa R\u00e9f\u00e9rence pour les Moyennes et Grandes S\u00e9ries\u00a0\u00bb font_container=\u00a0\u00bbtag:h4|text_align:left\u00a0\u00bb css=\u00a0\u00bb%7B%22default%22%3A%7B%22font-family%22%3A%22Roboto%20Condensed%22%2C%22font-weight%22%3A%22100%22%7D%7D\u00a0\u00bb]<div class=\"wpb_text_column\"><div class=\"wpb_wrapper\"><div>\n<p style=\"font-weight: 400;\">L\u2019<strong>impression offset<\/strong>\u00a0est id\u00e9ale pour les impressions en\u00a0<strong>quantit\u00e9 importante<\/strong>, offrant un excellent rendu et un\u00a0<strong>co\u00fbt d\u00e9gressif<\/strong>\u00a0\u00e0 mesure que les volumes augmentent.<\/p>\n<p style=\"font-weight: 400;\">\u2714\u00a0<strong>Haute qualit\u00e9 d\u2019impression<\/strong>\u00a0avec des couleurs \u00e9clatantes et une grande pr\u00e9cision<br \/>\n\u2714\u00a0<strong>Large choix de supports<\/strong>\u00a0: papier couch\u00e9, recycl\u00e9, textur\u00e9, cartons \u00e9pais\u2026<br \/>\n\u2714\u00a0<strong>Formats vari\u00e9s<\/strong>\u00a0adapt\u00e9s aux brochures, catalogues, affiches, plaquettes commerciales\u2026<br \/>\n\u2714\u00a0<strong>Co\u00fbt optimis\u00e9<\/strong>\u00a0pour les\u00a0<strong>moyennes et grandes s\u00e9ries<\/strong><\/p>\n<\/div>\n<\/div><\/div>[vc_custom_heading text=\u00a0\u00bbExemples d\u2019applications :\u00a0\u00bb font_container=\u00a0\u00bbtag:h5|text_align:left\u00a0\u00bb css=\u00a0\u00bb%7B%22default%22%3A%7B%22font-family%22%3A%22Roboto%20Condensed%22%2C%22font-weight%22%3A%22100%22%7D%7D\u00a0\u00bb]<div class=\"wpb_text_column\"><div class=\"wpb_wrapper\"><div>\n<ul style=\"font-weight: 400;\">\n<li>Catalogues et magazines<\/li>\n<li>Brochures et plaquettes<\/li>\n<li>D\u00e9pliants et affiches grand format<\/li>\n<li>Papeterie d\u2019entreprise (t\u00eates de lettre, enveloppes\u2026)<\/li>\n<\/ul>\n<\/div>\n<\/div><\/div><div class=\"w-hwrapper us_custom_450ae3ea valign_middle align_left\" style=\"--hwrapper-gap:0rem\"><div class=\"wpb_text_column\"><div class=\"wpb_wrapper\"><div><b><span>Quand choisir l\u2019offset ?<\/span><\/b><\/div>\n<div><span>Si vous avez besoin de\u00a0<b>grandes quantit\u00e9s<\/b>\u00a0avec une qualit\u00e9 irr\u00e9prochable \u00e0 un prix comp\u00e9titif.<\/span><\/div>\n<div><\/div>\n<\/div><\/div><\/div><\/div><\/div><div class=\"wpb_column vc_column_container\"><div class=\"vc_column-inner\"><div class=\"w-gallery fit_cover type_metro_2 ratio_1x1 count_10\" style=\"--columns:4;--items-gap:5px;\"><div class=\"w-gallery-list\"><div class=\"w-gallery-item\"><div class=\"w-gallery-item-img\"><img loading=\"lazy\" decoding=\"async\" width=\"800\" height=\"600\" src=\"https:\/\/labo.agencenemo.fr\/BDM\/wp-content\/uploads\/2025\/06\/IMG_4082.jpg\" class=\"attachment-large size-large\" alt=\"\" srcset=\"https:\/\/labo.agencenemo.fr\/BDM\/wp-content\/uploads\/2025\/06\/IMG_4082.jpg 800w, https:\/\/labo.agencenemo.fr\/BDM\/wp-content\/uploads\/2025\/06\/IMG_4082-300x225.jpg 300w\" sizes=\"auto, (max-width: 800px) 100vw, 800px\" \/><\/div><\/div><div class=\"w-gallery-item\"><div class=\"w-gallery-item-img\"><img loading=\"lazy\" decoding=\"async\" width=\"800\" height=\"600\" src=\"https:\/\/labo.agencenemo.fr\/BDM\/wp-content\/uploads\/2025\/06\/IMG_4084.jpg\" class=\"attachment-large size-large\" alt=\"\" srcset=\"https:\/\/labo.agencenemo.fr\/BDM\/wp-content\/uploads\/2025\/06\/IMG_4084.jpg 800w, https:\/\/labo.agencenemo.fr\/BDM\/wp-content\/uploads\/2025\/06\/IMG_4084-300x225.jpg 300w\" sizes=\"auto, (max-width: 800px) 100vw, 800px\" \/><\/div><\/div><div class=\"w-gallery-item\"><div class=\"w-gallery-item-img\"><img loading=\"lazy\" decoding=\"async\" width=\"800\" height=\"600\" src=\"https:\/\/labo.agencenemo.fr\/BDM\/wp-content\/uploads\/2025\/06\/IMG_4103.jpg\" class=\"attachment-large size-large\" alt=\"\" srcset=\"https:\/\/labo.agencenemo.fr\/BDM\/wp-content\/uploads\/2025\/06\/IMG_4103.jpg 800w, https:\/\/labo.agencenemo.fr\/BDM\/wp-content\/uploads\/2025\/06\/IMG_4103-300x225.jpg 300w\" sizes=\"auto, (max-width: 800px) 100vw, 800px\" \/><\/div><\/div><div class=\"w-gallery-item\"><div class=\"w-gallery-item-img\"><img loading=\"lazy\" decoding=\"async\" width=\"768\" height=\"1024\" src=\"https:\/\/labo.agencenemo.fr\/BDM\/wp-content\/uploads\/2025\/06\/IMG_4104-768x1024.jpg\" class=\"attachment-large size-large\" alt=\"\" srcset=\"https:\/\/labo.agencenemo.fr\/BDM\/wp-content\/uploads\/2025\/06\/IMG_4104-768x1024.jpg 768w, https:\/\/labo.agencenemo.fr\/BDM\/wp-content\/uploads\/2025\/06\/IMG_4104-225x300.jpg 225w, https:\/\/labo.agencenemo.fr\/BDM\/wp-content\/uploads\/2025\/06\/IMG_4104.jpg 800w\" sizes=\"auto, (max-width: 768px) 100vw, 768px\" \/><\/div><\/div><div class=\"w-gallery-item\"><div class=\"w-gallery-item-img\"><img loading=\"lazy\" decoding=\"async\" width=\"768\" height=\"1024\" src=\"https:\/\/labo.agencenemo.fr\/BDM\/wp-content\/uploads\/2025\/06\/IMG_4105-768x1024.jpg\" class=\"attachment-large size-large\" alt=\"\" srcset=\"https:\/\/labo.agencenemo.fr\/BDM\/wp-content\/uploads\/2025\/06\/IMG_4105-768x1024.jpg 768w, https:\/\/labo.agencenemo.fr\/BDM\/wp-content\/uploads\/2025\/06\/IMG_4105-225x300.jpg 225w, https:\/\/labo.agencenemo.fr\/BDM\/wp-content\/uploads\/2025\/06\/IMG_4105.jpg 800w\" sizes=\"auto, (max-width: 768px) 100vw, 768px\" \/><\/div><\/div><div class=\"w-gallery-item\"><div class=\"w-gallery-item-img\"><img loading=\"lazy\" decoding=\"async\" width=\"768\" height=\"1024\" src=\"https:\/\/labo.agencenemo.fr\/BDM\/wp-content\/uploads\/2025\/06\/IMG_4106-768x1024.jpg\" class=\"attachment-large size-large\" alt=\"\" srcset=\"https:\/\/labo.agencenemo.fr\/BDM\/wp-content\/uploads\/2025\/06\/IMG_4106-768x1024.jpg 768w, https:\/\/labo.agencenemo.fr\/BDM\/wp-content\/uploads\/2025\/06\/IMG_4106-225x300.jpg 225w, https:\/\/labo.agencenemo.fr\/BDM\/wp-content\/uploads\/2025\/06\/IMG_4106.jpg 800w\" sizes=\"auto, (max-width: 768px) 100vw, 768px\" \/><\/div><\/div><div class=\"w-gallery-item\"><div class=\"w-gallery-item-img\"><img loading=\"lazy\" decoding=\"async\" width=\"768\" height=\"1024\" src=\"https:\/\/labo.agencenemo.fr\/BDM\/wp-content\/uploads\/2025\/06\/IMG_4107-768x1024.jpg\" class=\"attachment-large size-large\" alt=\"\" srcset=\"https:\/\/labo.agencenemo.fr\/BDM\/wp-content\/uploads\/2025\/06\/IMG_4107-768x1024.jpg 768w, https:\/\/labo.agencenemo.fr\/BDM\/wp-content\/uploads\/2025\/06\/IMG_4107-225x300.jpg 225w, https:\/\/labo.agencenemo.fr\/BDM\/wp-content\/uploads\/2025\/06\/IMG_4107.jpg 800w\" sizes=\"auto, (max-width: 768px) 100vw, 768px\" \/><\/div><\/div><div class=\"w-gallery-item\"><div class=\"w-gallery-item-img\"><img loading=\"lazy\" decoding=\"async\" width=\"800\" height=\"600\" src=\"https:\/\/labo.agencenemo.fr\/BDM\/wp-content\/uploads\/2025\/06\/IMG_4110.jpg\" class=\"attachment-large size-large\" alt=\"\" srcset=\"https:\/\/labo.agencenemo.fr\/BDM\/wp-content\/uploads\/2025\/06\/IMG_4110.jpg 800w, https:\/\/labo.agencenemo.fr\/BDM\/wp-content\/uploads\/2025\/06\/IMG_4110-300x225.jpg 300w\" sizes=\"auto, (max-width: 800px) 100vw, 800px\" \/><\/div><\/div><div class=\"w-gallery-item\"><div class=\"w-gallery-item-img\"><img loading=\"lazy\" decoding=\"async\" width=\"800\" height=\"600\" src=\"https:\/\/labo.agencenemo.fr\/BDM\/wp-content\/uploads\/2025\/06\/IMG_4113.jpg\" class=\"attachment-large size-large\" alt=\"\" srcset=\"https:\/\/labo.agencenemo.fr\/BDM\/wp-content\/uploads\/2025\/06\/IMG_4113.jpg 800w, https:\/\/labo.agencenemo.fr\/BDM\/wp-content\/uploads\/2025\/06\/IMG_4113-300x225.jpg 300w\" sizes=\"auto, (max-width: 800px) 100vw, 800px\" \/><\/div><\/div><div class=\"w-gallery-item\"><div class=\"w-gallery-item-img\"><img loading=\"lazy\" decoding=\"async\" width=\"800\" height=\"600\" src=\"https:\/\/labo.agencenemo.fr\/BDM\/wp-content\/uploads\/2025\/06\/IMG_4114.jpg\" class=\"attachment-large size-large\" alt=\"\" srcset=\"https:\/\/labo.agencenemo.fr\/BDM\/wp-content\/uploads\/2025\/06\/IMG_4114.jpg 800w, https:\/\/labo.agencenemo.fr\/BDM\/wp-content\/uploads\/2025\/06\/IMG_4114-300x225.jpg 300w\" sizes=\"auto, (max-width: 800px) 100vw, 800px\" \/><\/div><\/div><\/div><\/div><\/div><\/div><\/div><\/div><\/section><section class=\"l-section wpb_row height_medium\"><div class=\"l-section-overlay\" style=\"background:var(--color-chrome-toolbar)\"><\/div><div class=\"l-section-h i-cf\"><div class=\"g-cols vc_row via_grid cols_2 laptops-cols_inherit tablets-cols_inherit mobiles-cols_1 valign_middle type_default reversed stacking_default\"><div class=\"wpb_column vc_column_container\"><div class=\"vc_column-inner\"><div class=\"w-gallery fit_cover type_metro_1 ratio_1x1 count_4\" style=\"--columns:4;--items-gap:5px;\"><div class=\"w-gallery-list\"><div class=\"w-gallery-item\"><div class=\"w-gallery-item-img\"><img loading=\"lazy\" decoding=\"async\" width=\"800\" height=\"600\" src=\"https:\/\/labo.agencenemo.fr\/BDM\/wp-content\/uploads\/2025\/06\/IMG_4078.jpg\" class=\"attachment-large size-large\" alt=\"\" srcset=\"https:\/\/labo.agencenemo.fr\/BDM\/wp-content\/uploads\/2025\/06\/IMG_4078.jpg 800w, https:\/\/labo.agencenemo.fr\/BDM\/wp-content\/uploads\/2025\/06\/IMG_4078-300x225.jpg 300w\" sizes=\"auto, (max-width: 800px) 100vw, 800px\" \/><\/div><\/div><div class=\"w-gallery-item\"><div class=\"w-gallery-item-img\"><img loading=\"lazy\" decoding=\"async\" width=\"768\" height=\"1024\" src=\"https:\/\/labo.agencenemo.fr\/BDM\/wp-content\/uploads\/2025\/06\/IMG_4077-768x1024.jpg\" class=\"attachment-large size-large\" alt=\"\" srcset=\"https:\/\/labo.agencenemo.fr\/BDM\/wp-content\/uploads\/2025\/06\/IMG_4077-768x1024.jpg 768w, https:\/\/labo.agencenemo.fr\/BDM\/wp-content\/uploads\/2025\/06\/IMG_4077-225x300.jpg 225w, https:\/\/labo.agencenemo.fr\/BDM\/wp-content\/uploads\/2025\/06\/IMG_4077.jpg 800w\" sizes=\"auto, (max-width: 768px) 100vw, 768px\" \/><\/div><\/div><div class=\"w-gallery-item\"><div class=\"w-gallery-item-img\"><img loading=\"lazy\" decoding=\"async\" width=\"800\" height=\"600\" src=\"https:\/\/labo.agencenemo.fr\/BDM\/wp-content\/uploads\/2025\/06\/IMG_4076.jpg\" class=\"attachment-large size-large\" alt=\"\" srcset=\"https:\/\/labo.agencenemo.fr\/BDM\/wp-content\/uploads\/2025\/06\/IMG_4076.jpg 800w, https:\/\/labo.agencenemo.fr\/BDM\/wp-content\/uploads\/2025\/06\/IMG_4076-300x225.jpg 300w\" sizes=\"auto, (max-width: 800px) 100vw, 800px\" \/><\/div><\/div><div class=\"w-gallery-item\"><div class=\"w-gallery-item-img\"><img loading=\"lazy\" decoding=\"async\" width=\"800\" height=\"600\" src=\"https:\/\/labo.agencenemo.fr\/BDM\/wp-content\/uploads\/2025\/06\/IMG_4073.jpg\" class=\"attachment-large size-large\" alt=\"\" srcset=\"https:\/\/labo.agencenemo.fr\/BDM\/wp-content\/uploads\/2025\/06\/IMG_4073.jpg 800w, https:\/\/labo.agencenemo.fr\/BDM\/wp-content\/uploads\/2025\/06\/IMG_4073-300x225.jpg 300w\" sizes=\"auto, (max-width: 800px) 100vw, 800px\" \/><\/div><\/div><\/div><\/div><\/div><\/div><div class=\"wpb_column vc_column_container\"><div class=\"vc_column-inner\">[vc_custom_heading text=\u00a0\u00bbImpression Num\u00e9rique\u00a0\u00bb font_container=\u00a0\u00bbtag:h3|text_align:left\u00a0\u00bb use_theme_fonts=\u00a0\u00bbyes\u00a0\u00bb css=\u00a0\u00bb%7B%22default%22%3A%7B%22font-family%22%3A%22h1%22%7D%7D\u00a0\u00bb][vc_custom_heading text=\u00a0\u00bbRapidit\u00e9 et Personnalisation\u00a0\u00bb font_container=\u00a0\u00bbtag:h4|text_align:left\u00a0\u00bb css=\u00a0\u00bb%7B%22default%22%3A%7B%22font-family%22%3A%22Roboto%20Condensed%22%2C%22font-weight%22%3A%22100%22%7D%7D\u00a0\u00bb]<div class=\"wpb_text_column us_custom_a833bf3c\"><div class=\"wpb_wrapper\"><p style=\"font-weight: 400;\">L\u2019<strong>impression num\u00e9rique<\/strong>\u00a0est la solution id\u00e9ale pour des\u00a0<strong>petites s\u00e9ries<\/strong>, des d\u00e9lais courts et des impressions\u00a0<strong>hautement personnalis\u00e9es<\/strong>.<\/p>\n<p style=\"font-weight: 400;\">\u2714\u00a0<strong>Flexibilit\u00e9 totale<\/strong>\u00a0: id\u00e9al pour les impressions en petite quantit\u00e9<br \/>\n\u2714\u00a0<strong>Personnalisation<\/strong>\u00a0: impression de supports avec des donn\u00e9es variables (ex. num\u00e9rotation, noms, QR codes uniques)<br \/>\n\u2714\u00a0<strong>D\u00e9lais courts<\/strong>\u00a0: production rapide pour r\u00e9pondre \u00e0 vos besoins urgents<br \/>\n\u2714\u00a0<strong>Qualit\u00e9 optimale<\/strong>\u00a0m\u00eame sur de faibles volumes<\/p>\n<\/div><\/div>[vc_custom_heading text=\u00a0\u00bbExemples d\u2019applications :\u00a0\u00bb font_container=\u00a0\u00bbtag:h5|text_align:left\u00a0\u00bb css=\u00a0\u00bb%7B%22default%22%3A%7B%22font-family%22%3A%22Roboto%20Condensed%22%2C%22font-weight%22%3A%22100%22%7D%7D\u00a0\u00bb]<div class=\"wpb_text_column\"><div class=\"wpb_wrapper\"><ul style=\"font-weight: 400;\">\n<li>Flyers et cartes de visite<\/li>\n<li>Invitations et cartes de v\u0153ux personnalis\u00e9es<\/li>\n<li>\u00c9tiquettes et stickers sur-mesure<\/li>\n<li>Petites s\u00e9ries de brochures et catalogues<\/li>\n<\/ul>\n<\/div><\/div><div class=\"w-hwrapper us_custom_450ae3ea valign_middle align_left\" style=\"--hwrapper-gap:0rem\"><div class=\"wpb_text_column\"><div class=\"wpb_wrapper\"><div>\n<div><b><span>Quand choisir le num\u00e9rique ?<\/span><\/b><\/div>\n<div><span>Si vous avez besoin d\u2019<b>une impression rapide et flexible<\/b>, avec la possibilit\u00e9 d\u2019adapter chaque exemplaire.<\/span><\/div>\n<\/div>\n<\/div><\/div><\/div><\/div><\/div><\/div><\/div><\/section><section class=\"l-section wpb_row height_medium\"><div class=\"l-section-overlay\" style=\"background:var(--color-header-middle-text)\"><\/div><div class=\"l-section-h i-cf\"><div class=\"g-cols vc_row via_grid cols_1 laptops-cols_inherit tablets-cols_inherit mobiles-cols_1 valign_top type_default stacking_default\"><div class=\"wpb_column vc_column_container\"><div class=\"vc_column-inner\">[vc_custom_heading text=\u00a0\u00bbQuel type d\u2019impression choisir ?\u00a0\u00bb use_theme_fonts=\u00a0\u00bbyes\u00a0\u00bb css=\u00a0\u00bb%7B%22default%22%3A%7B%22color%22%3A%22_header_middle_bg%22%2C%22font-family%22%3A%22h1%22%7D%7D\u00a0\u00bb]<div class=\"w-hwrapper us_custom_73090820 valign_top align_none\"><div class=\"wpb_text_column us_custom_8cdb7ab5\"><div class=\"wpb_wrapper\">\n<table id=\"tablepress-1\" class=\"tablepress tablepress-id-1\">\n<thead>\n<tr class=\"row-1\">\n\t<th class=\"column-1\">Crit\u00e8res<\/th><th class=\"column-2\">Impression Offset<\/th><th class=\"column-3\">Impression Num\u00e9rique<\/th>\n<\/tr>\n<\/thead>\n<tbody class=\"row-striping row-hover\">\n<tr class=\"row-2\">\n\t<td class=\"column-1\">Quantit\u00e9 id\u00e9ale<\/td><td class=\"column-2\">Moyenne \u00e0 grande s\u00e9rie<\/td><td class=\"column-3\">Petite s\u00e9rie<\/td>\n<\/tr>\n<tr class=\"row-3\">\n\t<td class=\"column-1\">Co\u00fbt<\/td><td class=\"column-2\">Plus \u00e9conomique sur grandes quantit\u00e9s<\/td><td class=\"column-3\">Co\u00fbt unitaire stable<\/td>\n<\/tr>\n<tr class=\"row-4\">\n\t<td class=\"column-1\">Qualit\u00e9 d\u2019impression<\/td><td class=\"column-2\">Excellente<\/td><td class=\"column-3\">Tr\u00e8s bonne<\/td>\n<\/tr>\n<tr class=\"row-5\">\n\t<td class=\"column-1\">D\u00e9lais de production<\/td><td class=\"column-2\">Plus long<\/td><td class=\"column-3\">Tr\u00e8s rapide<\/td>\n<\/tr>\n<tr class=\"row-6\">\n\t<td class=\"column-1\">Personnalisation<\/td><td class=\"column-2\">Impossible<\/td><td class=\"column-3\">Possible (donn\u00e9es variables)<\/td>\n<\/tr>\n<tr class=\"row-7\">\n\t<td class=\"column-1\">Formats<\/td><td class=\"column-2\">Large choix<\/td><td class=\"column-3\">Formats standards<\/td>\n<\/tr>\n<\/tbody>\n<\/table>\n<!-- #tablepress-1 from cache -->\n<\/div><\/div><\/div><\/div><\/div><\/div><\/div><\/section><section class=\"l-section wpb_row height_medium\"><div class=\"l-section-overlay\" style=\"background:var(--color-content-primary)\"><\/div><div class=\"l-section-h i-cf\"><div class=\"g-cols vc_row via_grid cols_1 laptops-cols_inherit tablets-cols_inherit mobiles-cols_1 valign_top type_default stacking_default\"><div class=\"wpb_column vc_column_container\"><div class=\"vc_column-inner\"><section class=\"l-section wpb_row us_custom_8b3d6790 has_text_color height_auto width_custom\" style=\"--site-content-width:900px;\"><div class=\"l-section-h i-cf\"><div class=\"g-cols vc_row via_grid cols_1 laptops-cols_inherit tablets-cols_inherit mobiles-cols_1 valign_top type_default stacking_default\"><div class=\"wpb_column vc_column_container\"><div class=\"vc_column-inner\">[vc_custom_heading text=\u00a0\u00bbPourquoi choisir BDM Imprimeurs ?\u00a0\u00bb use_theme_fonts=\u00a0\u00bbyes\u00a0\u00bb]<div class=\"wpb_text_column\"><div class=\"wpb_wrapper\"><div>\u2714 <b><span>Des impressions de qualit\u00e9 <\/span><\/b><span>avec des couleurs vives et des d\u00e9tails pr\u00e9cis.<\/span><\/div>\n<div><span>\u2714\u00a0<b>Une personnalisation totale<\/b>\u00a0: formats, finitions, mat\u00e9riaux sur mesure.<br \/>\n<\/span><\/div>\n<div><span>\u2714 <\/span><span><b>Des solutions adapt\u00e9es \u00e0 tous les secteurs<\/b>\u00a0: commerce, industrie, \u00e9v\u00e9nementiel.<br \/>\n<\/span><\/div>\n<div><span>\u2714 <\/span><span><b>Une production rapide et flexible<\/b>\u00a0pour s\u2019adapter \u00e0 vos besoins.<\/span><\/div>\n<div><\/div>\n<\/div><\/div><\/div><\/div><\/div><\/div><\/section>\n<\/div><\/div><\/div><\/div><\/section>\n","protected":false},"excerpt":{"rendered":"[vc_custom_heading text=\"Impression Offset &amp; Num\u00e9rique\" font_container=\"tag:h1|text_align:left\" use_theme_fonts=\"yes\" css=\"%7B%22default%22%3A%7B%22margin-bottom%22%3A%220px%22%2C%22padding-bottom%22%3A%220px%22%7D%7D\"][vc_custom_heading text=\"Qualit\u00e9 et Flexibilit\u00e9 pour Tous vos Projets\" css=\"%7B%22default%22%3A%7B%22font-family%22%3A%22Roboto%20Condensed%22%2C%22font-weight%22%3A%22100%22%2C%22margin-top%22%3A%220px%22%2C%22padding-top%22%3A%220px%22%7D%7D\"]Chez\u00a0BDM Imprimeurs, nous proposons deux technologies compl\u00e9mentaires pour r\u00e9pondre \u00e0 tous vos besoins d\u2019impression :\u00a0l\u2019impression offset et l\u2019impression num\u00e9rique. Que vous ayez besoin de\u00a0petites s\u00e9ries personnalis\u00e9esou de\u00a0grandes quantit\u00e9s \u00e0 co\u00fbt optimis\u00e9, nous avons la solution adapt\u00e9e \u00e0 votre projet. D\u00e9couvrez...","protected":false},"author":1,"featured_media":0,"parent":113,"menu_order":0,"comment_status":"closed","ping_status":"closed","template":"","meta":{"footnotes":""},"class_list":["post-117","page","type-page","status-publish","hentry"],"_links":{"self":[{"href":"https:\/\/labo.agencenemo.fr\/BDM\/index.php?rest_route=\/wp\/v2\/pages\/117","targetHints":{"allow":["GET"]}}],"collection":[{"href":"https:\/\/labo.agencenemo.fr\/BDM\/index.php?rest_route=\/wp\/v2\/pages"}],"about":[{"href":"https:\/\/labo.agencenemo.fr\/BDM\/index.php?rest_route=\/wp\/v2\/types\/page"}],"author":[{"embeddable":true,"href":"https:\/\/labo.agencenemo.fr\/BDM\/index.php?rest_route=\/wp\/v2\/users\/1"}],"replies":[{"embeddable":true,"href":"https:\/\/labo.agencenemo.fr\/BDM\/index.php?rest_route=%2Fwp%2Fv2%2Fcomments&post=117"}],"version-history":[{"count":16,"href":"https:\/\/labo.agencenemo.fr\/BDM\/index.php?rest_route=\/wp\/v2\/pages\/117\/revisions"}],"predecessor-version":[{"id":507,"href":"https:\/\/labo.agencenemo.fr\/BDM\/index.php?rest_route=\/wp\/v2\/pages\/117\/revisions\/507"}],"up":[{"embeddable":true,"href":"https:\/\/labo.agencenemo.fr\/BDM\/index.php?rest_route=\/wp\/v2\/pages\/113"}],"wp:attachment":[{"href":"https:\/\/labo.agencenemo.fr\/BDM\/index.php?rest_route=%2Fwp%2Fv2%2Fmedia&parent=117"}],"curies":[{"name":"wp","href":"https:\/\/api.w.org\/{rel}","templated":true}]}}