{"id":115,"date":"2025-02-18T08:41:44","date_gmt":"2025-02-18T07:41:44","guid":{"rendered":"https:\/\/labo.agencenemo.fr\/BDM\/?page_id=115"},"modified":"2025-10-08T16:04:06","modified_gmt":"2025-10-08T14:04:06","slug":"prepresse-pao","status":"publish","type":"page","link":"https:\/\/labo.agencenemo.fr\/BDM\/?page_id=115","title":{"rendered":"Pr\u00e9presse &#038; PAO"},"content":{"rendered":"<section class=\"l-section wpb_row us_custom_8b3d6790 has_text_color height_auto width_custom\" style=\"--site-content-width:900px;\"><div class=\"l-section-overlay\" style=\"background:var(--color-content-primary)\"><\/div><div class=\"l-section-h i-cf\"><div class=\"g-cols vc_row via_grid cols_1 laptops-cols_inherit tablets-cols_inherit mobiles-cols_1 valign_top type_default stacking_default\"><div class=\"wpb_column vc_column_container\"><div class=\"vc_column-inner\"><div class=\"w-separator size_small\"><\/div>[vc_custom_heading text=\u00a0\u00bbPr\u00e9presse &amp; PAO\u00a0\u00bb font_container=\u00a0\u00bbtag:h1|text_align:left\u00a0\u00bb use_theme_fonts=\u00a0\u00bbyes\u00a0\u00bb css=\u00a0\u00bb%7B%22default%22%3A%7B%22margin-bottom%22%3A%220px%22%2C%22padding-bottom%22%3A%220px%22%7D%7D\u00a0\u00bb][vc_custom_heading text=\u00a0\u00bbL\u2019Art de Pr\u00e9parer vos Impressions\u00a0\u00bb css=\u00a0\u00bb%7B%22default%22%3A%7B%22font-family%22%3A%22Roboto%20Condensed%22%2C%22font-weight%22%3A%22100%22%2C%22margin-top%22%3A%220px%22%2C%22padding-top%22%3A%220px%22%7D%7D\u00a0\u00bb]<\/div><\/div><\/div><\/div><\/section><section class=\"l-section wpb_row us_custom_8b3d6790 has_text_color height_auto width_custom\" style=\"--site-content-width:900px;\"><div class=\"l-section-overlay\" style=\"background:var(--color-content-primary)\"><\/div><div class=\"l-section-h i-cf\"><div class=\"g-cols vc_row via_grid cols_1 laptops-cols_inherit tablets-cols_inherit mobiles-cols_1 valign_top type_default stacking_default\"><div class=\"wpb_column vc_column_container\"><div class=\"vc_column-inner\"><div class=\"w-separator size_small\"><\/div><div class=\"wpb_text_column\"><div class=\"wpb_wrapper\"><p style=\"font-weight: 400;\">L\u2019impression de qualit\u00e9 commence bien avant le passage sous presse. Chez\u00a0<strong>BDM Imprimeurs<\/strong>, notre service de\u00a0<strong>pr\u00e9presse et PAO (Publication Assist\u00e9e par Ordinateur)<\/strong>\u00a0garantit que vos fichiers sont parfaitement optimis\u00e9s pour une impression impeccable.<\/p>\n<p style=\"font-weight: 400;\">Nous mettons \u00e0 votre disposition notre expertise en\u00a0<strong>traitement des fichiers, retouche et optimisation graphique<\/strong>\u00a0pour assurer un rendu fid\u00e8le et professionnel.<\/p>\n<\/div><\/div><div class=\"w-separator size_medium\"><\/div><\/div><\/div><\/div><\/div><\/section><section class=\"l-section wpb_row height_small\"><div class=\"l-section-overlay\" style=\"background:var(--color-header-middle-text-hover)\"><\/div><div class=\"l-section-h i-cf\"><div class=\"g-cols vc_row via_grid cols_1 laptops-cols_inherit tablets-cols_inherit mobiles-cols_1 valign_top type_default stacking_default\"><div class=\"wpb_column vc_column_container\"><div class=\"vc_column-inner\"><div class=\"w-hwrapper valign_middle align_center\" style=\"--hwrapper-gap:3rem\">[vc_custom_heading text=\u00a0\u00bbUn projet ? Demandez votre devis personnalis\u00e9\u00a0\u00bb font_container=\u00a0\u00bbtag:h2|text_align:center\u00a0\u00bb use_theme_fonts=\u00a0\u00bbyes\u00a0\u00bb css=\u00a0\u00bb%7B%22default%22%3A%7B%22color%22%3A%22_header_middle_bg%22%2C%22text-align%22%3A%22inherit%22%2C%22font-size%22%3A%222.2rem%22%2C%22text-transform%22%3A%22uppercase%22%2C%22margin-top%22%3A%2210px%22%7D%2C%22laptops%22%3A%7B%22color%22%3A%22_header_middle_bg%22%2C%22text-align%22%3A%22inherit%22%2C%22font-size%22%3A%22%22%2C%22text-transform%22%3A%22uppercase%22%7D%2C%22tablets%22%3A%7B%22color%22%3A%22_header_middle_bg%22%2C%22text-align%22%3A%22inherit%22%2C%22font-size%22%3A%22%22%2C%22text-transform%22%3A%22uppercase%22%7D%2C%22mobiles%22%3A%7B%22color%22%3A%22_header_middle_bg%22%2C%22text-align%22%3A%22right%22%2C%22font-size%22%3A%221.2rem%22%2C%22text-transform%22%3A%22uppercase%22%7D%7D\u00a0\u00bb]<div class=\"w-btn-wrapper align_none\"><a class=\"w-btn us-btn-style_1 us_custom_33e62e98\" href=\"#\"><span class=\"w-btn-label\">Demandez un devis<\/span><\/a><\/div><\/div><\/div><\/div><\/div><\/div><\/section><section class=\"l-section wpb_row height_medium\"><div class=\"l-section-h i-cf\"><div class=\"g-cols vc_row via_grid cols_2 laptops-cols_inherit tablets-cols_inherit mobiles-cols_1 valign_middle type_default stacking_default\"><div class=\"wpb_column vc_column_container\"><div class=\"vc_column-inner\">[vc_custom_heading text=\u00a0\u00bbUne pr\u00e9paration rigoureuse pour un r\u00e9sultat parfait\u00a0\u00bb font_container=\u00a0\u00bbtag:h3|text_align:left\u00a0\u00bb use_theme_fonts=\u00a0\u00bbyes\u00a0\u00bb css=\u00a0\u00bb%7B%22default%22%3A%7B%22font-family%22%3A%22h1%22%7D%7D\u00a0\u00bb][vc_custom_heading text=\u00a0\u00bbContr\u00f4le &amp; V\u00e9rification des Fichiers\u00a0\u00bb font_container=\u00a0\u00bbtag:h4|text_align:left\u00a0\u00bb css=\u00a0\u00bb%7B%22default%22%3A%7B%22font-family%22%3A%22Roboto%20Condensed%22%2C%22font-weight%22%3A%22100%22%7D%7D\u00a0\u00bb]<div class=\"wpb_text_column\"><div class=\"wpb_wrapper\"><div><span>Avant toute impression, nos sp\u00e9cialistes analysent et ajustent vos fichiers pour \u00e9viter toute erreur technique :<br \/>\n<\/span><\/div>\n<div><span>\u2714 <\/span><span><b>R\u00e9solution &amp; Colorim\u00e9trie<\/b>\u00a0: correction des couleurs (RVB <\/span><span>\u279d<\/span>CMJN), gestion des profils ICC<\/div>\n<div><span>\u2714 <\/span><span><b>Marges &amp; Fonds perdus<\/b>\u00a0: respect des dimensions et des rep\u00e8res d\u2019impression<br \/>\n<\/span><\/div>\n<div><span>\u2714 <\/span><span><b>V\u00e9rification des polices et \u00e9l\u00e9ments vectoriels<\/b><\/span><\/div>\n<div><\/div>\n<\/div><\/div>[vc_custom_heading text=\u00a0\u00bbConseil et Accompagnement Graphique\u00a0\u00bb font_container=\u00a0\u00bbtag:h4|text_align:left\u00a0\u00bb css=\u00a0\u00bb%7B%22default%22%3A%7B%22font-family%22%3A%22Roboto%20Condensed%22%2C%22font-weight%22%3A%22100%22%7D%7D\u00a0\u00bb]<div class=\"wpb_text_column\"><div class=\"wpb_wrapper\"><div><span>Besoin d\u2019un coup de main pour finaliser votre visuel ? Nous vous aidons \u00e0 :<br \/>\n<\/span><\/div>\n<div><span>\u2714 <\/span>Ajuster votre mise en page pour un rendu optimal<\/div>\n<div><span>\u2714 <\/span>S\u00e9lectionner les meilleures finitions (vernis, pelliculage, dorure\u2026)<\/div>\n<div><span>\u2714 <\/span>Garantir une qualit\u00e9 d\u2019image adapt\u00e9e au support d\u2019impression<\/div>\n<div><\/div>\n<\/div><\/div>[vc_custom_heading text=\u00a0\u00bbGestion des Formats &amp; Exportation\u00a0\u00bb font_container=\u00a0\u00bbtag:h4|text_align:left\u00a0\u00bb css=\u00a0\u00bb%7B%22default%22%3A%7B%22font-family%22%3A%22Roboto%20Condensed%22%2C%22font-weight%22%3A%22100%22%7D%7D\u00a0\u00bb]<div class=\"wpb_text_column\"><div class=\"wpb_wrapper\"><div>\n<div><span>Nous acceptons une large gamme de formats de fichiers (PDF, AI, PSD, INDD\u2026) et vous conseillons sur le meilleur format d\u2019exportation pour une compatibilit\u00e9 parfaite avec nos machines.<\/span><\/div>\n<\/div>\n<\/div><\/div><\/div><\/div><div class=\"wpb_column vc_column_container\"><div class=\"vc_column-inner\"><div class=\"w-image us_custom_6644a615 align_none\"><div class=\"w-image-h\"><img decoding=\"async\" width=\"800\" height=\"600\" src=\"https:\/\/labo.agencenemo.fr\/BDM\/wp-content\/uploads\/2025\/10\/IMG_4785.jpg\" class=\"attachment-large size-large\" alt=\"\" loading=\"lazy\" srcset=\"https:\/\/labo.agencenemo.fr\/BDM\/wp-content\/uploads\/2025\/10\/IMG_4785.jpg 800w, https:\/\/labo.agencenemo.fr\/BDM\/wp-content\/uploads\/2025\/10\/IMG_4785-300x225.jpg 300w\" sizes=\"auto, (max-width: 800px) 100vw, 800px\" \/><\/div><\/div><div class=\"w-separator size_small\"><\/div><div class=\"w-image us_custom_6644a615 align_none\"><div class=\"w-image-h\"><img decoding=\"async\" width=\"800\" height=\"600\" src=\"https:\/\/labo.agencenemo.fr\/BDM\/wp-content\/uploads\/2025\/10\/IMG_4114.jpg\" class=\"attachment-large size-large\" alt=\"\" loading=\"lazy\" srcset=\"https:\/\/labo.agencenemo.fr\/BDM\/wp-content\/uploads\/2025\/10\/IMG_4114.jpg 800w, https:\/\/labo.agencenemo.fr\/BDM\/wp-content\/uploads\/2025\/10\/IMG_4114-300x225.jpg 300w\" sizes=\"auto, (max-width: 800px) 100vw, 800px\" \/><\/div><\/div><\/div><\/div><\/div><\/div><\/section><section class=\"l-section wpb_row height_medium\"><div class=\"l-section-overlay\" style=\"background:var(--color-chrome-toolbar)\"><\/div><div class=\"l-section-h i-cf\"><div class=\"g-cols vc_row via_grid cols_2 laptops-cols_inherit tablets-cols_inherit mobiles-cols_1 valign_middle type_default reversed stacking_default\"><div class=\"wpb_column vc_column_container\"><div class=\"vc_column-inner\"><div class=\"w-slider us_custom_6644a615 style_none fit_scaledown nav_none has_ratio count_3\" style=\"--aspect-ratio: 4\/3;\"><div class=\"w-slider-h\"><div class=\"royalSlider\"><div class=\"rsContent\"><a class=\"rsImg\" data-rsw=\"800\" data-rsh=\"600\" href=\"https:\/\/labo.agencenemo.fr\/BDM\/wp-content\/uploads\/2025\/10\/IMG_4786.jpg\"><span data-alt=\"\"><\/span><\/a><\/div><div class=\"rsContent\"><a class=\"rsImg\" data-rsw=\"800\" data-rsh=\"600\" href=\"https:\/\/labo.agencenemo.fr\/BDM\/wp-content\/uploads\/2025\/10\/IMG_4075.jpg\"><span data-alt=\"\"><\/span><\/a><\/div><div class=\"rsContent\"><a class=\"rsImg\" data-rsw=\"800\" data-rsh=\"600\" href=\"https:\/\/labo.agencenemo.fr\/BDM\/wp-content\/uploads\/2025\/10\/IMG_4073.jpg\"><span data-alt=\"\"><\/span><\/a><\/div><\/div><img decoding=\"async\" src=\"https:\/\/labo.agencenemo.fr\/BDM\/wp-content\/uploads\/2025\/10\/IMG_4786.jpg\" width=\"800\" height=\"600\" alt loading=\"lazy\"><\/div><div class=\"w-slider-json\" onclick='return {&quot;autoScaleSlider&quot;:false,&quot;addActiveClass&quot;:true,&quot;loop&quot;:true,&quot;fadeInLoadedSlide&quot;:false,&quot;slidesSpacing&quot;:0,&quot;imageScalePadding&quot;:0,&quot;numImagesToPreload&quot;:2,&quot;arrowsNav&quot;:true,&quot;arrowsNavAutoHide&quot;:false,&quot;transitionType&quot;:&quot;move&quot;,&quot;transitionSpeed&quot;:250,&quot;block&quot;:{&quot;moveEffect&quot;:&quot;none&quot;,&quot;speed&quot;:300},&quot;thumbs&quot;:{&quot;fitInViewport&quot;:false,&quot;firstMargin&quot;:false,&quot;spacing&quot;:4},&quot;controlNavigation&quot;:&quot;none&quot;}'><\/div><\/div><\/div><\/div><div class=\"wpb_column vc_column_container\"><div class=\"vc_column-inner\">[vc_custom_heading text=\u00a0\u00bbNos outils et technologies\u00a0\u00bb font_container=\u00a0\u00bbtag:h3|text_align:left\u00a0\u00bb css=\u00a0\u00bb%7B%22default%22%3A%7B%22font-family%22%3A%22Roboto%20Condensed%22%2C%22font-weight%22%3A%22100%22%7D%7D\u00a0\u00bb]<div class=\"wpb_text_column us_custom_a833bf3c\"><div class=\"wpb_wrapper\"><p>Notre service de\u00a0<strong>pr\u00e9presse<\/strong>\u00a0s\u2019appuie sur des logiciels et \u00e9quipements de derni\u00e8re g\u00e9n\u00e9ration pour un traitement rapide et pr\u00e9cis de vos fichiers :<\/p>\n<ul>\n<li><strong>Adobe Creative Suite<\/strong> (Photoshop, Illustrator, InDesign)<\/li>\n<li><strong>Flux de production automatis\u00e9<\/strong> pour minimiser les risques d\u2019erreur<\/li>\n<li><strong>Imposition num\u00e9rique<\/strong>\u00a0pour optimiser l\u2019agencement des pages et r\u00e9duire le gaspillage<\/li>\n<\/ul>\n<p style=\"font-weight: 400;\"><strong>Un doute sur la pr\u00e9paration de votre fichier ?<\/strong><br \/>\nEnvoyez-nous votre projet et b\u00e9n\u00e9ficiez de\u00a0<strong>notre expertise pour un fichier pr\u00eat \u00e0 imprimer !<\/strong><\/p>\n<\/div><\/div><div class=\"w-btn-wrapper align_none\"><a class=\"w-btn us-btn-style_1\" href=\"#\"><span class=\"w-btn-label\">Contactez-nous pour un contr\u00f4le de fichier<\/span><\/a><\/div><\/div><\/div><\/div><\/div><\/section><section class=\"l-section wpb_row height_medium\"><div class=\"l-section-overlay\" style=\"background:var(--color-content-primary)\"><\/div><div class=\"l-section-h i-cf\"><div class=\"g-cols vc_row via_grid cols_1 laptops-cols_inherit tablets-cols_inherit mobiles-cols_1 valign_top type_default stacking_default\"><div class=\"wpb_column vc_column_container\"><div class=\"vc_column-inner\"><section class=\"l-section wpb_row us_custom_8b3d6790 has_text_color height_auto width_custom\" style=\"--site-content-width:900px;\"><div class=\"l-section-h i-cf\"><div class=\"g-cols vc_row via_grid cols_1 laptops-cols_inherit tablets-cols_inherit mobiles-cols_1 valign_top type_default stacking_default\"><div class=\"wpb_column vc_column_container\"><div class=\"vc_column-inner\">[vc_custom_heading text=\u00a0\u00bbPourquoi choisir BDM Imprimeurs ?\u00a0\u00bb use_theme_fonts=\u00a0\u00bbyes\u00a0\u00bb]<div class=\"wpb_text_column\"><div class=\"wpb_wrapper\"><div>\u2714 <b><span>Des impressions de qualit\u00e9 <\/span><\/b><span>avec des couleurs vives et des d\u00e9tails pr\u00e9cis.<\/span><\/div>\n<div><span>\u2714\u00a0<b>Une personnalisation totale<\/b>\u00a0: formats, finitions, mat\u00e9riaux sur mesure.<br \/>\n<\/span><\/div>\n<div><span>\u2714 <\/span><span><b>Des solutions adapt\u00e9es \u00e0 tous les secteurs<\/b>\u00a0: commerce, industrie, \u00e9v\u00e9nementiel.<br \/>\n<\/span><\/div>\n<div><span>\u2714 <\/span><span><b>Une production rapide et flexible<\/b>\u00a0pour s\u2019adapter \u00e0 vos besoins.<\/span><\/div>\n<div><\/div>\n<\/div><\/div><\/div><\/div><\/div><\/div><\/section>\n<\/div><\/div><\/div><\/div><\/section>\n","protected":false},"excerpt":{"rendered":"[vc_custom_heading text=\"Pr\u00e9presse &amp; PAO\" font_container=\"tag:h1|text_align:left\" use_theme_fonts=\"yes\" css=\"%7B%22default%22%3A%7B%22margin-bottom%22%3A%220px%22%2C%22padding-bottom%22%3A%220px%22%7D%7D\"][vc_custom_heading text=\"L\u2019Art de Pr\u00e9parer vos Impressions\" css=\"%7B%22default%22%3A%7B%22font-family%22%3A%22Roboto%20Condensed%22%2C%22font-weight%22%3A%22100%22%2C%22margin-top%22%3A%220px%22%2C%22padding-top%22%3A%220px%22%7D%7D\"]L\u2019impression de qualit\u00e9 commence bien avant le passage sous presse. Chez\u00a0BDM Imprimeurs, notre service de\u00a0pr\u00e9presse et PAO (Publication Assist\u00e9e par Ordinateur)\u00a0garantit que vos fichiers sont parfaitement optimis\u00e9s pour une impression impeccable. Nous mettons \u00e0 votre disposition notre expertise en\u00a0traitement des fichiers, retouche et...","protected":false},"author":1,"featured_media":0,"parent":113,"menu_order":0,"comment_status":"closed","ping_status":"closed","template":"","meta":{"footnotes":""},"class_list":["post-115","page","type-page","status-publish","hentry"],"_links":{"self":[{"href":"https:\/\/labo.agencenemo.fr\/BDM\/index.php?rest_route=\/wp\/v2\/pages\/115","targetHints":{"allow":["GET"]}}],"collection":[{"href":"https:\/\/labo.agencenemo.fr\/BDM\/index.php?rest_route=\/wp\/v2\/pages"}],"about":[{"href":"https:\/\/labo.agencenemo.fr\/BDM\/index.php?rest_route=\/wp\/v2\/types\/page"}],"author":[{"embeddable":true,"href":"https:\/\/labo.agencenemo.fr\/BDM\/index.php?rest_route=\/wp\/v2\/users\/1"}],"replies":[{"embeddable":true,"href":"https:\/\/labo.agencenemo.fr\/BDM\/index.php?rest_route=%2Fwp%2Fv2%2Fcomments&post=115"}],"version-history":[{"count":7,"href":"https:\/\/labo.agencenemo.fr\/BDM\/index.php?rest_route=\/wp\/v2\/pages\/115\/revisions"}],"predecessor-version":[{"id":521,"href":"https:\/\/labo.agencenemo.fr\/BDM\/index.php?rest_route=\/wp\/v2\/pages\/115\/revisions\/521"}],"up":[{"embeddable":true,"href":"https:\/\/labo.agencenemo.fr\/BDM\/index.php?rest_route=\/wp\/v2\/pages\/113"}],"wp:attachment":[{"href":"https:\/\/labo.agencenemo.fr\/BDM\/index.php?rest_route=%2Fwp%2Fv2%2Fmedia&parent=115"}],"curies":[{"name":"wp","href":"https:\/\/api.w.org\/{rel}","templated":true}]}}