{"id":103,"date":"2025-02-18T08:39:16","date_gmt":"2025-02-18T07:39:16","guid":{"rendered":"https:\/\/labo.agencenemo.fr\/BDM\/?page_id=103"},"modified":"2025-10-08T16:21:42","modified_gmt":"2025-10-08T14:21:42","slug":"supports-de-communication","status":"publish","type":"page","link":"https:\/\/labo.agencenemo.fr\/BDM\/?page_id=103","title":{"rendered":"Supports de communication"},"content":{"rendered":"<section class=\"l-section wpb_row us_custom_8b3d6790 has_text_color height_auto\"><div class=\"l-section-overlay\" style=\"background:var(--color-content-primary)\"><\/div><div class=\"l-section-h i-cf\"><div class=\"g-cols vc_row via_grid cols_1 laptops-cols_inherit tablets-cols_inherit mobiles-cols_1 valign_top type_default stacking_default\"><div class=\"wpb_column vc_column_container\"><div class=\"vc_column-inner\"><div class=\"w-separator size_small\"><\/div>[vc_custom_heading text=\u00a0\u00bbNos Supports de Communication &amp; Marketing\u00a0\u00bb font_container=\u00a0\u00bbtag:h1|text_align:left\u00a0\u00bb use_theme_fonts=\u00a0\u00bbyes\u00a0\u00bb css=\u00a0\u00bb%7B%22default%22%3A%7B%22margin-bottom%22%3A%220px%22%2C%22padding-bottom%22%3A%220px%22%7D%7D\u00a0\u00bb]<div class=\"w-separator size_small\"><\/div><\/div><\/div><\/div><\/div><\/section><section class=\"l-section wpb_row height_small\"><div class=\"l-section-overlay\" style=\"background:var(--color-header-middle-text-hover)\"><\/div><div class=\"l-section-h i-cf\"><div class=\"g-cols vc_row via_grid cols_1 laptops-cols_inherit tablets-cols_inherit mobiles-cols_1 valign_top type_default stacking_default\"><div class=\"wpb_column vc_column_container\"><div class=\"vc_column-inner\"><div class=\"w-hwrapper valign_middle align_center\" style=\"--hwrapper-gap:3rem\">[vc_custom_heading text=\u00a0\u00bbVous avez un projet, demandez un chiffrage personnalis\u00e9\u00a0\u00bb font_container=\u00a0\u00bbtag:h2|text_align:center\u00a0\u00bb css=\u00a0\u00bb%7B%22default%22%3A%7B%22color%22%3A%22_header_middle_bg%22%2C%22text-align%22%3A%22inherit%22%2C%22font-size%22%3A%222.2rem%22%2C%22line-height%22%3A%221%22%2C%22font-family%22%3A%22h1%22%2C%22text-transform%22%3A%22uppercase%22%2C%22margin-top%22%3A%2210px%22%7D%2C%22laptops%22%3A%7B%22color%22%3A%22_header_middle_bg%22%2C%22text-align%22%3A%22inherit%22%2C%22font-size%22%3A%22%22%2C%22line-height%22%3A%22%22%2C%22font-family%22%3A%22%22%2C%22text-transform%22%3A%22uppercase%22%7D%2C%22tablets%22%3A%7B%22color%22%3A%22_header_middle_bg%22%2C%22text-align%22%3A%22inherit%22%2C%22font-size%22%3A%22%22%2C%22line-height%22%3A%22%22%2C%22font-family%22%3A%22%22%2C%22text-transform%22%3A%22uppercase%22%7D%2C%22mobiles%22%3A%7B%22color%22%3A%22_header_middle_bg%22%2C%22text-align%22%3A%22right%22%2C%22font-size%22%3A%221.2rem%22%2C%22line-height%22%3A%22%22%2C%22font-family%22%3A%22%22%2C%22text-transform%22%3A%22uppercase%22%7D%7D\u00a0\u00bb]<div class=\"w-btn-wrapper align_none\"><a class=\"w-btn us-btn-style_1 us_custom_33e62e98\" href=\"#\"><span class=\"w-btn-label\">Demandez un devis<\/span><\/a><\/div><\/div><\/div><\/div><\/div><\/div><\/section><section class=\"l-section wpb_row height_medium\"><div class=\"l-section-h i-cf\"><div class=\"g-cols vc_row via_grid cols_2 laptops-cols_inherit tablets-cols_inherit mobiles-cols_1 valign_middle type_default stacking_default\"><div class=\"wpb_column vc_column_container\"><div class=\"vc_column-inner\">[vc_custom_heading text=\u00a0\u00bbAffiches \u2013 Captez l\u2019Attention\u00a0\u00bb font_container=\u00a0\u00bbtag:h3|text_align:left\u00a0\u00bb css=\u00a0\u00bb%7B%22default%22%3A%7B%22font-family%22%3A%22Roboto%20Condensed%22%2C%22font-weight%22%3A%22100%22%7D%7D\u00a0\u00bb]<div class=\"wpb_text_column\"><div class=\"wpb_wrapper\"><p style=\"font-weight: 400;\"><strong>L\u2019affiche publicitaire<\/strong>\u00a0est un outil puissant pour communiquer un message clair et impactant. Disponible en diff\u00e9rents formats et finitions, elle s\u2019adapte parfaitement aux campagnes promotionnelles, \u00e9v\u00e9nements et signal\u00e9tiques.<\/p>\n<p style=\"font-weight: 400;\">\u2714 Formats standards ou sur mesure (A4, A3, A2, A1, A0\u2026)<br \/>\n\u2714 Impression recto ou recto-verso<br \/>\n\u2714 Papier couch\u00e9, mat ou brillant, grammage variable<br \/>\n\u2714 Options de plastification ou vernis pour une meilleure durabilit\u00e9<\/p>\n<\/div><\/div><div class=\"w-hwrapper us_custom_450ae3ea valign_middle align_left\" style=\"--hwrapper-gap:0rem\"><div class=\"wpb_text_column\"><div class=\"wpb_wrapper\"><div><b><span>Id\u00e9al pour :<\/span><\/b><span>\u00a0affichage en magasin, \u00e9v\u00e9nements, campagnes promotionnelles, signal\u00e9tique int\u00e9rieure\/ext\u00e9rieure.<\/span><\/div>\n<\/div><\/div><\/div><\/div><\/div><div class=\"wpb_column vc_column_container\"><div class=\"vc_column-inner\"><div class=\"w-slider style_none fit_cover nav_dots has_ratio count_8\" style=\"--aspect-ratio: 2\/3;\"><div class=\"w-slider-h\"><div class=\"royalSlider\"><div class=\"rsContent\"><a class=\"rsImg\" data-rsw=\"738\" data-rsh=\"1024\" data-rsBigImg=\"https:\/\/labo.agencenemo.fr\/BDM\/wp-content\/uploads\/2025\/10\/AH25_AFFICHE_A4_SETDESIGN-6.jpg\" href=\"https:\/\/labo.agencenemo.fr\/BDM\/wp-content\/uploads\/2025\/10\/AH25_AFFICHE_A4_SETDESIGN-6-738x1024.jpg\"><span data-alt=\"\"><\/span><\/a><\/div><div class=\"rsContent\"><a class=\"rsImg\" data-rsw=\"738\" data-rsh=\"1024\" data-rsBigImg=\"https:\/\/labo.agencenemo.fr\/BDM\/wp-content\/uploads\/2025\/10\/AH25_AFFICHE_A4_SETDESIGN-7.jpg\" href=\"https:\/\/labo.agencenemo.fr\/BDM\/wp-content\/uploads\/2025\/10\/AH25_AFFICHE_A4_SETDESIGN-7-738x1024.jpg\"><span data-alt=\"\"><\/span><\/a><\/div><div class=\"rsContent\"><a class=\"rsImg\" data-rsw=\"738\" data-rsh=\"1024\" data-rsBigImg=\"https:\/\/labo.agencenemo.fr\/BDM\/wp-content\/uploads\/2025\/10\/AH25_AFFICHE_A4_SETDESIGN-3.jpg\" href=\"https:\/\/labo.agencenemo.fr\/BDM\/wp-content\/uploads\/2025\/10\/AH25_AFFICHE_A4_SETDESIGN-3-738x1024.jpg\"><span data-alt=\"\"><\/span><\/a><\/div><div class=\"rsContent\"><a class=\"rsImg\" data-rsw=\"738\" data-rsh=\"1024\" data-rsBigImg=\"https:\/\/labo.agencenemo.fr\/BDM\/wp-content\/uploads\/2025\/10\/AH25_AFFICHE_A4_SETDESIGN-1.jpg\" href=\"https:\/\/labo.agencenemo.fr\/BDM\/wp-content\/uploads\/2025\/10\/AH25_AFFICHE_A4_SETDESIGN-1-738x1024.jpg\"><span data-alt=\"\"><\/span><\/a><\/div><div class=\"rsContent\"><a class=\"rsImg\" data-rsw=\"563\" data-rsh=\"1024\" data-rsBigImg=\"https:\/\/labo.agencenemo.fr\/BDM\/wp-content\/uploads\/2025\/10\/250828-Nouveautes.jpg\" href=\"https:\/\/labo.agencenemo.fr\/BDM\/wp-content\/uploads\/2025\/10\/250828-Nouveautes-563x1024.jpg\"><span data-alt=\"\"><\/span><\/a><\/div><div class=\"rsContent\"><a class=\"rsImg\" data-rsw=\"738\" data-rsh=\"1024\" data-rsBigImg=\"https:\/\/labo.agencenemo.fr\/BDM\/wp-content\/uploads\/2025\/10\/AH25_AFFICHE_A4_SETDESIGN-5.jpg\" href=\"https:\/\/labo.agencenemo.fr\/BDM\/wp-content\/uploads\/2025\/10\/AH25_AFFICHE_A4_SETDESIGN-5-738x1024.jpg\"><span data-alt=\"\"><\/span><\/a><\/div><div class=\"rsContent\"><a class=\"rsImg\" data-rsw=\"738\" data-rsh=\"1024\" data-rsBigImg=\"https:\/\/labo.agencenemo.fr\/BDM\/wp-content\/uploads\/2025\/10\/AH25_AFFICHE_A4_SETDESIGN-2.jpg\" href=\"https:\/\/labo.agencenemo.fr\/BDM\/wp-content\/uploads\/2025\/10\/AH25_AFFICHE_A4_SETDESIGN-2-738x1024.jpg\"><span data-alt=\"\"><\/span><\/a><\/div><div class=\"rsContent\"><a class=\"rsImg\" data-rsw=\"738\" data-rsh=\"1024\" data-rsBigImg=\"https:\/\/labo.agencenemo.fr\/BDM\/wp-content\/uploads\/2025\/10\/AH25_AFFICHE_A4_SETDESIGN-4.jpg\" href=\"https:\/\/labo.agencenemo.fr\/BDM\/wp-content\/uploads\/2025\/10\/AH25_AFFICHE_A4_SETDESIGN-4-738x1024.jpg\"><span data-alt=\"\"><\/span><\/a><\/div><\/div><img decoding=\"async\" src=\"https:\/\/labo.agencenemo.fr\/BDM\/wp-content\/uploads\/2025\/10\/AH25_AFFICHE_A4_SETDESIGN-6-738x1024.jpg\" width=\"738\" height=\"1024\" alt loading=\"lazy\"><\/div><div class=\"w-slider-json\" onclick='return {&quot;autoScaleSlider&quot;:false,&quot;addActiveClass&quot;:true,&quot;loop&quot;:true,&quot;fadeInLoadedSlide&quot;:false,&quot;slidesSpacing&quot;:0,&quot;imageScalePadding&quot;:0,&quot;numImagesToPreload&quot;:2,&quot;arrowsNav&quot;:true,&quot;arrowsNavAutoHide&quot;:false,&quot;transitionType&quot;:&quot;move&quot;,&quot;transitionSpeed&quot;:250,&quot;block&quot;:{&quot;moveEffect&quot;:&quot;none&quot;,&quot;speed&quot;:300},&quot;thumbs&quot;:{&quot;fitInViewport&quot;:false,&quot;firstMargin&quot;:false,&quot;spacing&quot;:4},&quot;controlNavigation&quot;:&quot;bullets&quot;,&quot;autoplay&quot;:{&quot;enabled&quot;:true,&quot;pauseOnHover&quot;:true,&quot;delay&quot;:3000},&quot;fullscreen&quot;:{&quot;enabled&quot;:true}}'><\/div><\/div><\/div><\/div><\/div><\/div><\/section><section class=\"l-section wpb_row height_medium\"><div class=\"l-section-overlay\" style=\"background:var(--color-chrome-toolbar)\"><\/div><div class=\"l-section-h i-cf\"><div class=\"g-cols vc_row via_grid cols_2 laptops-cols_inherit tablets-cols_inherit mobiles-cols_1 valign_middle type_default reversed stacking_default\"><div class=\"wpb_column vc_column_container\"><div class=\"vc_column-inner\"><div class=\"w-slider style_none fit_cover nav_dots has_ratio count_3\" style=\"--aspect-ratio: 2\/3;\"><div class=\"w-slider-h\"><div class=\"royalSlider\"><div class=\"rsContent\"><a class=\"rsImg\" data-rsw=\"751\" data-rsh=\"1024\" data-rsBigImg=\"https:\/\/labo.agencenemo.fr\/BDM\/wp-content\/uploads\/2025\/10\/Mailing-A5-callendrier-BDM-2026-.jpg\" href=\"https:\/\/labo.agencenemo.fr\/BDM\/wp-content\/uploads\/2025\/10\/Mailing-A5-callendrier-BDM-2026--751x1024.jpg\"><span data-alt=\"\"><\/span><\/a><\/div><div class=\"rsContent\"><a class=\"rsImg\" data-rsw=\"768\" data-rsh=\"1024\" data-rsBigImg=\"https:\/\/labo.agencenemo.fr\/BDM\/wp-content\/uploads\/2025\/10\/IMG_4743.jpg\" href=\"https:\/\/labo.agencenemo.fr\/BDM\/wp-content\/uploads\/2025\/10\/IMG_4743-768x1024.jpg\"><span data-alt=\"\"><\/span><\/a><\/div><div class=\"rsContent\"><a class=\"rsImg\" data-rsw=\"746\" data-rsh=\"1024\" data-rsBigImg=\"https:\/\/labo.agencenemo.fr\/BDM\/wp-content\/uploads\/2025\/10\/250610-Place-des-energies-flyers-A5-R\u00b0V\u00b0-1.jpg\" href=\"https:\/\/labo.agencenemo.fr\/BDM\/wp-content\/uploads\/2025\/10\/250610-Place-des-energies-flyers-A5-R\u00b0V\u00b0-1-746x1024.jpg\"><span data-alt=\"\"><\/span><\/a><\/div><\/div><img decoding=\"async\" src=\"https:\/\/labo.agencenemo.fr\/BDM\/wp-content\/uploads\/2025\/10\/Mailing-A5-callendrier-BDM-2026--751x1024.jpg\" width=\"751\" height=\"1024\" alt loading=\"lazy\"><\/div><div class=\"w-slider-json\" onclick='return {&quot;autoScaleSlider&quot;:false,&quot;addActiveClass&quot;:true,&quot;loop&quot;:true,&quot;fadeInLoadedSlide&quot;:false,&quot;slidesSpacing&quot;:0,&quot;imageScalePadding&quot;:0,&quot;numImagesToPreload&quot;:2,&quot;arrowsNav&quot;:true,&quot;arrowsNavAutoHide&quot;:false,&quot;transitionType&quot;:&quot;move&quot;,&quot;transitionSpeed&quot;:250,&quot;block&quot;:{&quot;moveEffect&quot;:&quot;none&quot;,&quot;speed&quot;:300},&quot;thumbs&quot;:{&quot;fitInViewport&quot;:false,&quot;firstMargin&quot;:false,&quot;spacing&quot;:4},&quot;controlNavigation&quot;:&quot;bullets&quot;,&quot;autoplay&quot;:{&quot;enabled&quot;:true,&quot;pauseOnHover&quot;:true,&quot;delay&quot;:3000},&quot;fullscreen&quot;:{&quot;enabled&quot;:true}}'><\/div><\/div><\/div><\/div><div class=\"wpb_column vc_column_container\"><div class=\"vc_column-inner\">[vc_custom_heading text=\u00a0\u00bbFlyers \u2013 Communication Directe et Efficace\u00a0\u00bb font_container=\u00a0\u00bbtag:h3|text_align:left\u00a0\u00bb css=\u00a0\u00bb%7B%22default%22%3A%7B%22font-family%22%3A%22Roboto%20Condensed%22%2C%22font-weight%22%3A%22100%22%7D%7D\u00a0\u00bb]<div class=\"wpb_text_column\"><div class=\"wpb_wrapper\"><p style=\"font-weight: 400;\">Le\u00a0<strong>flyer<\/strong>\u00a0est un support incontournable pour une diffusion massive de votre message. Facile \u00e0 distribuer et \u00e9conomique, il permet de capter rapidement l\u2019attention de votre cible.<\/p>\n<p style=\"font-weight: 400;\">\u2714 Impression couleur haute d\u00e9finition<br \/>\n\u2714 Formats vari\u00e9s (A6, A5, A4, carr\u00e9, DL\u2026)<br \/>\n\u2714 Diff\u00e9rents types de papier : couch\u00e9 brillant, recycl\u00e9, textur\u00e9\u2026<br \/>\n\u2714 Possibilit\u00e9 de vernis s\u00e9lectif, pelliculage ou papier \u00e9pais pour un rendu premium<\/p>\n<\/div><\/div><div class=\"w-hwrapper us_custom_450ae3ea valign_middle align_left\" style=\"--hwrapper-gap:0rem\"><div class=\"wpb_text_column\"><div class=\"wpb_wrapper\"><div><b><span>Id\u00e9al pour :<\/span><\/b><span>\u00a0campagnes publicitaires, lancements de produits, promotions, \u00e9v\u00e9nements.<\/span><\/div>\n<\/div><\/div><\/div><\/div><\/div><\/div><\/div><\/section><section class=\"l-section wpb_row height_medium\"><div class=\"l-section-h i-cf\"><div class=\"g-cols vc_row via_grid cols_2 laptops-cols_inherit tablets-cols_inherit mobiles-cols_1 valign_middle type_default stacking_default\"><div class=\"wpb_column vc_column_container\"><div class=\"vc_column-inner\">[vc_custom_heading text=\u00a0\u00bbPlaquettes &amp; D\u00e9pliants \u2013 Pr\u00e9sentez Votre Entreprise avec \u00c9l\u00e9gance\u00a0\u00bb font_container=\u00a0\u00bbtag:h3|text_align:left\u00a0\u00bb css=\u00a0\u00bb%7B%22default%22%3A%7B%22font-family%22%3A%22Roboto%20Condensed%22%2C%22font-weight%22%3A%22100%22%7D%7D\u00a0\u00bb]<div class=\"wpb_text_column\"><div class=\"wpb_wrapper\"><p style=\"font-weight: 400;\">Une\u00a0<strong>plaquette commerciale<\/strong>\u00a0ou un\u00a0<strong>d\u00e9pliant<\/strong>\u00a0bien con\u00e7u est un excellent moyen de pr\u00e9senter votre entreprise, vos produits ou vos services de mani\u00e8re professionnelle et attractive.<\/p>\n<p style=\"font-weight: 400;\">\u2714\u00a0<strong>Plaquettes<\/strong>\u00a0: impression sur papier rigide avec finitions haut de gamme<br \/>\n\u2714\u00a0<strong>D\u00e9pliants<\/strong>\u00a0: pli simple, roul\u00e9, accord\u00e9on ou fen\u00eatre selon votre mise en page<br \/>\n\u2714 Choix de papiers premium : mat, brillant, soft touch, textur\u00e9<br \/>\n\u2714 Options de vernis, dorure, embossage pour un rendu unique<\/p>\n<\/div><\/div><div class=\"w-hwrapper us_custom_450ae3ea valign_middle align_left\" style=\"--hwrapper-gap:0rem\"><div class=\"wpb_text_column\"><div class=\"wpb_wrapper\"><div><b><span>Id\u00e9al pour :<\/span><\/b><span>\u00a0salons professionnels, rendez-vous clients, mailing postal, pr\u00e9sentation d\u2019entreprise.<\/span><\/div>\n<\/div><\/div><\/div><\/div><\/div><div class=\"wpb_column vc_column_container\"><div class=\"vc_column-inner\"><div class=\"w-slider style_none fit_cover nav_dots count_2\"><div class=\"w-slider-h\"><div class=\"royalSlider\"><div class=\"rsContent\"><a class=\"rsImg\" data-rsw=\"768\" data-rsh=\"1024\" data-rsBigImg=\"https:\/\/labo.agencenemo.fr\/BDM\/wp-content\/uploads\/2025\/10\/IMG_4736.jpg\" href=\"https:\/\/labo.agencenemo.fr\/BDM\/wp-content\/uploads\/2025\/10\/IMG_4736-768x1024.jpg\"><span data-alt=\"\"><\/span><\/a><\/div><div class=\"rsContent\"><a class=\"rsImg\" data-rsw=\"800\" data-rsh=\"381\" data-rsBigImg=\"https:\/\/labo.agencenemo.fr\/BDM\/wp-content\/uploads\/2025\/10\/Plaquette-GC_fr_fev-20161-1.jpg\" href=\"https:\/\/labo.agencenemo.fr\/BDM\/wp-content\/uploads\/2025\/10\/Plaquette-GC_fr_fev-20161-1.jpg\"><span data-alt=\"\"><\/span><\/a><\/div><\/div><img decoding=\"async\" src=\"https:\/\/labo.agencenemo.fr\/BDM\/wp-content\/uploads\/2025\/10\/IMG_4736-768x1024.jpg\" width=\"768\" height=\"1024\" alt loading=\"lazy\"><\/div><div class=\"w-slider-json\" onclick='return {&quot;autoScaleSlider&quot;:true,&quot;addActiveClass&quot;:true,&quot;loop&quot;:true,&quot;fadeInLoadedSlide&quot;:false,&quot;slidesSpacing&quot;:0,&quot;imageScalePadding&quot;:0,&quot;numImagesToPreload&quot;:2,&quot;arrowsNav&quot;:true,&quot;arrowsNavAutoHide&quot;:false,&quot;transitionType&quot;:&quot;move&quot;,&quot;transitionSpeed&quot;:250,&quot;block&quot;:{&quot;moveEffect&quot;:&quot;none&quot;,&quot;speed&quot;:300},&quot;thumbs&quot;:{&quot;fitInViewport&quot;:false,&quot;firstMargin&quot;:false,&quot;spacing&quot;:4},&quot;controlNavigation&quot;:&quot;bullets&quot;,&quot;autoplay&quot;:{&quot;enabled&quot;:true,&quot;pauseOnHover&quot;:true,&quot;delay&quot;:3000},&quot;fullscreen&quot;:{&quot;enabled&quot;:true},&quot;autoScaleSliderWidth&quot;:768,&quot;autoScaleSliderHeight&quot;:1024}'><\/div><\/div><\/div><\/div><\/div><\/div><\/section><section class=\"l-section wpb_row height_medium\"><div class=\"l-section-overlay\" style=\"background:var(--color-chrome-toolbar)\"><\/div><div class=\"l-section-h i-cf\"><div class=\"g-cols vc_row via_grid cols_2 laptops-cols_inherit tablets-cols_inherit mobiles-cols_1 valign_middle type_default reversed stacking_default\"><div class=\"wpb_column vc_column_container\"><div class=\"vc_column-inner\"><div class=\"w-slider style_none fit_cover nav_dots count_9\"><div class=\"w-slider-h\"><div class=\"royalSlider\"><div class=\"rsContent\"><a class=\"rsImg\" data-rsw=\"768\" data-rsh=\"1024\" data-rsBigImg=\"https:\/\/labo.agencenemo.fr\/BDM\/wp-content\/uploads\/2025\/10\/IMG_4775.jpg\" href=\"https:\/\/labo.agencenemo.fr\/BDM\/wp-content\/uploads\/2025\/10\/IMG_4775-768x1024.jpg\"><span data-alt=\"\"><\/span><\/a><\/div><div class=\"rsContent\"><a class=\"rsImg\" data-rsw=\"800\" data-rsh=\"600\" data-rsBigImg=\"https:\/\/labo.agencenemo.fr\/BDM\/wp-content\/uploads\/2025\/10\/IMG_4770.jpg\" href=\"https:\/\/labo.agencenemo.fr\/BDM\/wp-content\/uploads\/2025\/10\/IMG_4770.jpg\"><span data-alt=\"\"><\/span><\/a><\/div><div class=\"rsContent\"><a class=\"rsImg\" data-rsw=\"768\" data-rsh=\"1024\" data-rsBigImg=\"https:\/\/labo.agencenemo.fr\/BDM\/wp-content\/uploads\/2025\/10\/IMG_4749.jpg\" href=\"https:\/\/labo.agencenemo.fr\/BDM\/wp-content\/uploads\/2025\/10\/IMG_4749-768x1024.jpg\"><span data-alt=\"\"><\/span><\/a><\/div><div class=\"rsContent\"><a class=\"rsImg\" data-rsw=\"768\" data-rsh=\"1024\" data-rsBigImg=\"https:\/\/labo.agencenemo.fr\/BDM\/wp-content\/uploads\/2025\/10\/IMG_4741.jpg\" href=\"https:\/\/labo.agencenemo.fr\/BDM\/wp-content\/uploads\/2025\/10\/IMG_4741-768x1024.jpg\"><span data-alt=\"\"><\/span><\/a><\/div><div class=\"rsContent\"><a class=\"rsImg\" data-rsw=\"768\" data-rsh=\"1024\" data-rsBigImg=\"https:\/\/labo.agencenemo.fr\/BDM\/wp-content\/uploads\/2025\/10\/IMG_4727.jpg\" href=\"https:\/\/labo.agencenemo.fr\/BDM\/wp-content\/uploads\/2025\/10\/IMG_4727-768x1024.jpg\"><span data-alt=\"\"><\/span><\/a><\/div><div class=\"rsContent\"><a class=\"rsImg\" data-rsw=\"768\" data-rsh=\"1024\" data-rsBigImg=\"https:\/\/labo.agencenemo.fr\/BDM\/wp-content\/uploads\/2025\/10\/IMG_4745.jpg\" href=\"https:\/\/labo.agencenemo.fr\/BDM\/wp-content\/uploads\/2025\/10\/IMG_4745-768x1024.jpg\"><span data-alt=\"\"><\/span><\/a><\/div><div class=\"rsContent\"><a class=\"rsImg\" data-rsw=\"768\" data-rsh=\"1024\" data-rsBigImg=\"https:\/\/labo.agencenemo.fr\/BDM\/wp-content\/uploads\/2025\/10\/IMG_4687.jpg\" href=\"https:\/\/labo.agencenemo.fr\/BDM\/wp-content\/uploads\/2025\/10\/IMG_4687-768x1024.jpg\"><span data-alt=\"\"><\/span><\/a><\/div><div class=\"rsContent\"><a class=\"rsImg\" data-rsw=\"768\" data-rsh=\"1024\" data-rsBigImg=\"https:\/\/labo.agencenemo.fr\/BDM\/wp-content\/uploads\/2025\/10\/IMG_4730.jpg\" href=\"https:\/\/labo.agencenemo.fr\/BDM\/wp-content\/uploads\/2025\/10\/IMG_4730-768x1024.jpg\"><span data-alt=\"\"><\/span><\/a><\/div><div class=\"rsContent\"><a class=\"rsImg\" data-rsw=\"768\" data-rsh=\"1024\" data-rsBigImg=\"https:\/\/labo.agencenemo.fr\/BDM\/wp-content\/uploads\/2025\/10\/IMG_4776.jpg\" href=\"https:\/\/labo.agencenemo.fr\/BDM\/wp-content\/uploads\/2025\/10\/IMG_4776-768x1024.jpg\"><span data-alt=\"\"><\/span><\/a><\/div><\/div><img decoding=\"async\" src=\"https:\/\/labo.agencenemo.fr\/BDM\/wp-content\/uploads\/2025\/10\/IMG_4775-768x1024.jpg\" width=\"768\" height=\"1024\" alt loading=\"lazy\"><\/div><div class=\"w-slider-json\" onclick='return {&quot;autoScaleSlider&quot;:true,&quot;addActiveClass&quot;:true,&quot;loop&quot;:true,&quot;fadeInLoadedSlide&quot;:false,&quot;slidesSpacing&quot;:0,&quot;imageScalePadding&quot;:0,&quot;numImagesToPreload&quot;:2,&quot;arrowsNav&quot;:true,&quot;arrowsNavAutoHide&quot;:false,&quot;transitionType&quot;:&quot;move&quot;,&quot;transitionSpeed&quot;:250,&quot;block&quot;:{&quot;moveEffect&quot;:&quot;none&quot;,&quot;speed&quot;:300},&quot;thumbs&quot;:{&quot;fitInViewport&quot;:false,&quot;firstMargin&quot;:false,&quot;spacing&quot;:4},&quot;controlNavigation&quot;:&quot;bullets&quot;,&quot;autoplay&quot;:{&quot;enabled&quot;:true,&quot;pauseOnHover&quot;:true,&quot;delay&quot;:3000},&quot;fullscreen&quot;:{&quot;enabled&quot;:true},&quot;autoScaleSliderWidth&quot;:768,&quot;autoScaleSliderHeight&quot;:1024}'><\/div><\/div><\/div><\/div><div class=\"wpb_column vc_column_container\"><div class=\"vc_column-inner\">[vc_custom_heading text=\u00a0\u00bbBrochures \u2013 Un Support Complet pour Vos Pr\u00e9sentations\u00a0\u00bb font_container=\u00a0\u00bbtag:h3|text_align:left\u00a0\u00bb css=\u00a0\u00bb%7B%22default%22%3A%7B%22font-family%22%3A%22Roboto%20Condensed%22%2C%22font-weight%22%3A%22100%22%7D%7D\u00a0\u00bb]<div class=\"wpb_text_column\"><div class=\"wpb_wrapper\"><p style=\"font-weight: 400;\">Pour un contenu d\u00e9taill\u00e9 et structur\u00e9, la\u00a0<strong>brochure<\/strong>\u00a0est le support id\u00e9al. Reli\u00e9e, agraf\u00e9e ou en dos carr\u00e9 coll\u00e9, elle permet de regrouper vos informations de mani\u00e8re organis\u00e9e et agr\u00e9able \u00e0 feuilleter.<\/p>\n<p style=\"font-weight: 400;\">\u2714 Reliure au choix : agraf\u00e9e, spirale, dos carr\u00e9 coll\u00e9<br \/>\n\u2714 Impression quadri haute d\u00e9finition<br \/>\n\u2714 Papier standard ou premium selon le rendu souhait\u00e9<br \/>\n\u2714 Finitions soign\u00e9es : vernis s\u00e9lectif, pelliculage mat ou brillant<\/p>\n<\/div><\/div><div class=\"w-hwrapper us_custom_450ae3ea valign_middle align_left\" style=\"--hwrapper-gap:0rem\"><div class=\"wpb_text_column\"><div class=\"wpb_wrapper\"><div><b><span>Id\u00e9al pour :<\/span><\/b><span>\u00a0catalogues produits, rapports d\u2019entreprise, programmes d\u2019\u00e9v\u00e9nements, magazines.<\/span><\/div>\n<\/div><\/div><\/div><\/div><\/div><\/div><\/div><\/section><section class=\"l-section wpb_row height_medium\"><div class=\"l-section-overlay\" style=\"background:var(--color-content-primary)\"><\/div><div class=\"l-section-h i-cf\"><div class=\"g-cols vc_row via_grid cols_1 laptops-cols_inherit tablets-cols_inherit mobiles-cols_1 valign_top type_default stacking_default\"><div class=\"wpb_column vc_column_container\"><div class=\"vc_column-inner\"><section class=\"l-section wpb_row us_custom_8b3d6790 has_text_color height_auto width_custom\" style=\"--site-content-width:900px;\"><div class=\"l-section-h i-cf\"><div class=\"g-cols vc_row via_grid cols_1 laptops-cols_inherit tablets-cols_inherit mobiles-cols_1 valign_top type_default stacking_default\"><div class=\"wpb_column vc_column_container\"><div class=\"vc_column-inner\">[vc_custom_heading text=\u00a0\u00bbPourquoi choisir BDM Imprimeurs ?\u00a0\u00bb use_theme_fonts=\u00a0\u00bbyes\u00a0\u00bb]<div class=\"wpb_text_column\"><div class=\"wpb_wrapper\"><div>\u2714 <b><span>Des impressions de qualit\u00e9 <\/span><\/b><span>avec des couleurs vives et des d\u00e9tails pr\u00e9cis.<\/span><\/div>\n<div><span>\u2714\u00a0<b>Une personnalisation totale<\/b>\u00a0: formats, finitions, mat\u00e9riaux sur mesure.<br \/>\n<\/span><\/div>\n<div><span>\u2714 <\/span><span><b>Des solutions adapt\u00e9es \u00e0 tous les secteurs<\/b>\u00a0: commerce, industrie, \u00e9v\u00e9nementiel.<br \/>\n<\/span><\/div>\n<div><span>\u2714 <\/span><span><b>Une production rapide et flexible<\/b>\u00a0pour s\u2019adapter \u00e0 vos besoins.<\/span><\/div>\n<div><\/div>\n<\/div><\/div><\/div><\/div><\/div><\/div><\/section>\n<\/div><\/div><\/div><\/div><\/section>\n","protected":false},"excerpt":{"rendered":"[vc_custom_heading text=\"Nos Supports de Communication &amp; Marketing\" font_container=\"tag:h1|text_align:left\" use_theme_fonts=\"yes\" css=\"%7B%22default%22%3A%7B%22margin-bottom%22%3A%220px%22%2C%22padding-bottom%22%3A%220px%22%7D%7D\"][vc_custom_heading text=\"Vous avez un projet, demandez un chiffrage personnalis\u00e9\" font_container=\"tag:h2|text_align:center\" css=\"%7B%22default%22%3A%7B%22color%22%3A%22_header_middle_bg%22%2C%22text-align%22%3A%22inherit%22%2C%22font-size%22%3A%222.2rem%22%2C%22line-height%22%3A%221%22%2C%22font-family%22%3A%22h1%22%2C%22text-transform%22%3A%22uppercase%22%2C%22margin-top%22%3A%2210px%22%7D%2C%22laptops%22%3A%7B%22color%22%3A%22_header_middle_bg%22%2C%22text-align%22%3A%22inherit%22%2C%22font-size%22%3A%22%22%2C%22line-height%22%3A%22%22%2C%22font-family%22%3A%22%22%2C%22text-transform%22%3A%22uppercase%22%7D%2C%22tablets%22%3A%7B%22color%22%3A%22_header_middle_bg%22%2C%22text-align%22%3A%22inherit%22%2C%22font-size%22%3A%22%22%2C%22line-height%22%3A%22%22%2C%22font-family%22%3A%22%22%2C%22text-transform%22%3A%22uppercase%22%7D%2C%22mobiles%22%3A%7B%22color%22%3A%22_header_middle_bg%22%2C%22text-align%22%3A%22right%22%2C%22font-size%22%3A%221.2rem%22%2C%22line-height%22%3A%22%22%2C%22font-family%22%3A%22%22%2C%22text-transform%22%3A%22uppercase%22%7D%7D\"]Demandez un devis[vc_custom_heading text=\"Affiches \u2013 Captez l\u2019Attention\" font_container=\"tag:h3|text_align:left\" css=\"%7B%22default%22%3A%7B%22font-family%22%3A%22Roboto%20Condensed%22%2C%22font-weight%22%3A%22100%22%7D%7D\"]L\u2019affiche publicitaire\u00a0est un outil puissant pour communiquer un message clair et impactant. Disponible en diff\u00e9rents formats et finitions, elle s\u2019adapte parfaitement aux campagnes promotionnelles, \u00e9v\u00e9nements et signal\u00e9tiques. \u2714...","protected":false},"author":1,"featured_media":0,"parent":105,"menu_order":0,"comment_status":"closed","ping_status":"closed","template":"","meta":{"footnotes":""},"class_list":["post-103","page","type-page","status-publish","hentry"],"_links":{"self":[{"href":"https:\/\/labo.agencenemo.fr\/BDM\/index.php?rest_route=\/wp\/v2\/pages\/103","targetHints":{"allow":["GET"]}}],"collection":[{"href":"https:\/\/labo.agencenemo.fr\/BDM\/index.php?rest_route=\/wp\/v2\/pages"}],"about":[{"href":"https:\/\/labo.agencenemo.fr\/BDM\/index.php?rest_route=\/wp\/v2\/types\/page"}],"author":[{"embeddable":true,"href":"https:\/\/labo.agencenemo.fr\/BDM\/index.php?rest_route=\/wp\/v2\/users\/1"}],"replies":[{"embeddable":true,"href":"https:\/\/labo.agencenemo.fr\/BDM\/index.php?rest_route=%2Fwp%2Fv2%2Fcomments&post=103"}],"version-history":[{"count":14,"href":"https:\/\/labo.agencenemo.fr\/BDM\/index.php?rest_route=\/wp\/v2\/pages\/103\/revisions"}],"predecessor-version":[{"id":568,"href":"https:\/\/labo.agencenemo.fr\/BDM\/index.php?rest_route=\/wp\/v2\/pages\/103\/revisions\/568"}],"up":[{"embeddable":true,"href":"https:\/\/labo.agencenemo.fr\/BDM\/index.php?rest_route=\/wp\/v2\/pages\/105"}],"wp:attachment":[{"href":"https:\/\/labo.agencenemo.fr\/BDM\/index.php?rest_route=%2Fwp%2Fv2%2Fmedia&parent=103"}],"curies":[{"name":"wp","href":"https:\/\/api.w.org\/{rel}","templated":true}]}}